{"id":114,"date":"2022-11-07T20:29:43","date_gmt":"2022-11-07T20:29:43","guid":{"rendered":"https:\/\/presur.cl\/?page_id=114"},"modified":"2022-11-29T05:02:47","modified_gmt":"2022-11-29T05:02:47","slug":"finalizar-compra","status":"publish","type":"page","link":"https:\/\/presur.cl\/?page_id=114","title":{"rendered":"Finalizar compra"},"content":{"rendered":"\t\t<div data-elementor-type=\"wp-page\" data-elementor-id=\"114\" class=\"elementor elementor-114\" data-elementor-post-type=\"page\">\n\t\t\t\t\t\t<section class=\"elementor-section elementor-top-section elementor-element elementor-element-50434666 elementor-section-boxed elementor-section-height-default elementor-section-height-default\" data-id=\"50434666\" data-element_type=\"section\">\n\t\t\t\t\t\t<div class=\"elementor-container elementor-column-gap-default\">\n\t\t\t\t\t<div class=\"elementor-column elementor-col-100 elementor-top-column elementor-element elementor-element-22e988ac\" data-id=\"22e988ac\" data-element_type=\"column\">\n\t\t\t<div class=\"elementor-widget-wrap elementor-element-populated\">\n\t\t\t\t\t\t<div class=\"elementor-element elementor-element-a5ee66a e-checkout-layout-two-column elementor-widget elementor-widget-woocommerce-checkout-page\" data-id=\"a5ee66a\" data-element_type=\"widget\" data-settings=\"{&quot;sticky_right_column&quot;:&quot;yes&quot;}\" data-widget_type=\"woocommerce-checkout-page.default\">\n\t\t\t\t<div class=\"elementor-widget-container\">\n\t\t\t\t\t<div class=\"woocommerce\"><div class=\"woocommerce-notices-wrapper\"><\/div><div class=\"woocommerce-notices-wrapper\"><\/div>Debes iniciar sesi\u00f3n para realizar el pago<\/div>\t\t\t\t<\/div>\n\t\t\t\t<\/div>\n\t\t\t\t\t<\/div>\n\t\t<\/div>\n\t\t\t\t\t<\/div>\n\t\t<\/section>\n\t\t\t\t<\/div>\n\t\t","protected":false},"excerpt":{"rendered":"<p>DETALLES DE LA COTIZACI\u00d3N Nombre&nbsp;* Apellidos&nbsp;* Nombre de la empresa&nbsp;(opcional) Pa\u00eds \/ Regi\u00f3n&nbsp;*Chile Direcci\u00f3n de la calle&nbsp;* Poblaci\u00f3n&nbsp;* Regi\u00f3n&nbsp;*Elige una opci\u00f3n&hellip;Ais\u00e9n del General Carlos Iba\u00f1ez del CampoAntofagastaArica y ParinacotaLa Araucan\u00edaAtacamaBiob\u00edoCoquimboLibertador General Bernardo O&#039;HigginsLos LagosLos R\u00edosMagallanesMaule\u00d1ubleRegi\u00f3n Metropolitana de SantiagoTarapac\u00e1Valpara\u00edso C\u00f3digo postal&nbsp;(opcional) Direcci\u00f3n de correo electr\u00f3nico&nbsp;* Notas del pedido&nbsp;(opcional) ORDEN Producto Subtotal MONOLITO CONMEMORATIVO TIPO 1&nbsp; &times;&nbsp;3 [&hellip;]<\/p>\n","protected":false},"author":1,"featured_media":0,"parent":0,"menu_order":0,"comment_status":"closed","ping_status":"closed","template":"","meta":{"footnotes":""},"jetpack_sharing_enabled":true,"_links":{"self":[{"href":"https:\/\/presur.cl\/index.php?rest_route=\/wp\/v2\/pages\/114"}],"collection":[{"href":"https:\/\/presur.cl\/index.php?rest_route=\/wp\/v2\/pages"}],"about":[{"href":"https:\/\/presur.cl\/index.php?rest_route=\/wp\/v2\/types\/page"}],"author":[{"embeddable":true,"href":"https:\/\/presur.cl\/index.php?rest_route=\/wp\/v2\/users\/1"}],"replies":[{"embeddable":true,"href":"https:\/\/presur.cl\/index.php?rest_route=%2Fwp%2Fv2%2Fcomments&post=114"}],"version-history":[{"count":10,"href":"https:\/\/presur.cl\/index.php?rest_route=\/wp\/v2\/pages\/114\/revisions"}],"predecessor-version":[{"id":1611,"href":"https:\/\/presur.cl\/index.php?rest_route=\/wp\/v2\/pages\/114\/revisions\/1611"}],"wp:attachment":[{"href":"https:\/\/presur.cl\/index.php?rest_route=%2Fwp%2Fv2%2Fmedia&parent=114"}],"curies":[{"name":"wp","href":"https:\/\/api.w.org\/{rel}","templated":true}]}}