{"id":1633,"date":"2022-12-02T05:15:17","date_gmt":"2022-12-02T05:15:17","guid":{"rendered":"https:\/\/presur.cl\/?post_type=product&#038;p=1633"},"modified":"2025-07-25T13:35:46","modified_gmt":"2025-07-25T13:35:46","slug":"bordillo-ornamental","status":"publish","type":"product","link":"https:\/\/presur.cl\/?product=bordillo-ornamental","title":{"rendered":"BORDILLO ORNAMENTAL"},"content":{"rendered":"<p><strong>MATERIAL:<\/strong>\u00a0Hormig\u00f3n gran\u00edtico<br \/>\n<strong>ESTRUCTURA:<\/strong>\u00a0Monol\u00edto armado<br \/>\n<strong>TERMINACI\u00d3N<\/strong>: Gran\u00edtico pulido\/ Liso<br \/>\n<strong>INSTALACI\u00d3N:<\/strong> Con mortero de pega<\/p>\n<p><strong>DIMENSIONES BORDILLO ORNAMENTAL 50:<\/strong> 50 x 16 x 20h Apr\u00f3x. <strong>PESO:<\/strong> 140 kg.<\/p>\n<p><em><strong><a href=\"https:\/\/presur.cl\/wp-content\/uploads\/2022\/12\/bordillo-ornamental-50.pdf\">FICHA T\u00c9CNICA BORDILLO ORNAMENTAL 50<\/a><\/strong><\/em><\/p>\n<p>&nbsp;<\/p>\n<p>&nbsp;<\/p>\n","protected":false},"excerpt":{"rendered":"<p>MATERIAL:\u00a0Hormig\u00f3n gran\u00edtico ESTRUCTURA:\u00a0Monol\u00edto armado TERMINACI\u00d3N: Gran\u00edtico pulido\/ Liso INSTALACI\u00d3N: Con mortero de pega DIMENSIONES BORDILLO ORNAMENTAL 50: 50 x 16 x 20h Apr\u00f3x. PESO: 140 kg. FICHA T\u00c9CNICA BORDILLO ORNAMENTAL 50 &nbsp; &nbsp;<\/p>\n","protected":false},"featured_media":1634,"template":"","meta":{"jetpack_publicize_message":"","jetpack_is_tweetstorm":false,"jetpack_publicize_feature_enabled":true,"jetpack_social_post_already_shared":true,"jetpack_social_options":{"image_generator_settings":{"template":"highway","enabled":false}}},"product_cat":[36],"product_tag":[],"jetpack_publicize_connections":[],"jetpack_sharing_enabled":true,"_links":{"self":[{"href":"https:\/\/presur.cl\/index.php?rest_route=\/wp\/v2\/product\/1633"}],"collection":[{"href":"https:\/\/presur.cl\/index.php?rest_route=\/wp\/v2\/product"}],"about":[{"href":"https:\/\/presur.cl\/index.php?rest_route=\/wp\/v2\/types\/product"}],"version-history":[{"count":5,"href":"https:\/\/presur.cl\/index.php?rest_route=\/wp\/v2\/product\/1633\/revisions"}],"predecessor-version":[{"id":3207,"href":"https:\/\/presur.cl\/index.php?rest_route=\/wp\/v2\/product\/1633\/revisions\/3207"}],"wp:featuredmedia":[{"embeddable":true,"href":"https:\/\/presur.cl\/index.php?rest_route=\/wp\/v2\/media\/1634"}],"wp:attachment":[{"href":"https:\/\/presur.cl\/index.php?rest_route=%2Fwp%2Fv2%2Fmedia&parent=1633"}],"wp:term":[{"taxonomy":"product_cat","embeddable":true,"href":"https:\/\/presur.cl\/index.php?rest_route=%2Fwp%2Fv2%2Fproduct_cat&post=1633"},{"taxonomy":"product_tag","embeddable":true,"href":"https:\/\/presur.cl\/index.php?rest_route=%2Fwp%2Fv2%2Fproduct_tag&post=1633"}],"curies":[{"name":"wp","href":"https:\/\/api.w.org\/{rel}","templated":true}]}}