{"id":1860,"date":"2023-02-10T15:35:48","date_gmt":"2023-02-10T15:35:48","guid":{"rendered":"https:\/\/presur.cl\/?post_type=product&#038;p=1860"},"modified":"2023-02-10T19:15:07","modified_gmt":"2023-02-10T19:15:07","slug":"banca-porvenir-180l-ranura","status":"publish","type":"product","link":"https:\/\/presur.cl\/?product=banca-porvenir-180l-ranura","title":{"rendered":"BANCA PORVENIR 180L RANURA"},"content":{"rendered":"<p><strong>MATERIAL:<\/strong> Hormig\u00f3n gran\u00edtico<\/p>\n<p><strong>ESTRUCTURA<\/strong>: Monolito armado<\/p>\n<p><strong>TERMINACI\u00d3N:<\/strong> Gran\u00edtico pulido<\/p>\n<p><strong>INSTALACI\u00d3N:<\/strong> Anclado con esp\u00e1rragos<\/p>\n<p><strong>PESO:<\/strong> 300 kg.<\/p>\n<p><strong>DIMENSIONES<\/strong>: 180 x 54 x 45H. APR\u00d3X.<\/p>\n<p><em><strong><a href=\"https:\/\/presur.cl\/wp-content\/uploads\/2023\/02\/BANCA-PORVENIR-180L-RANURA-2.pdf\">FICHA T\u00c9CNICA BANCA PORVENIR 180L RANURA<\/a><\/strong><\/em><\/p>\n","protected":false},"excerpt":{"rendered":"<p>MATERIAL: Hormig\u00f3n gran\u00edtico ESTRUCTURA: Monolito armado TERMINACI\u00d3N: Gran\u00edtico pulido INSTALACI\u00d3N: Anclado con esp\u00e1rragos PESO: 300 kg. DIMENSIONES: 180 x 54 x 45H. APR\u00d3X. FICHA T\u00c9CNICA BANCA PORVENIR 180L RANURA<\/p>\n","protected":false},"featured_media":1889,"template":"","meta":{"jetpack_publicize_message":"","jetpack_is_tweetstorm":false,"jetpack_publicize_feature_enabled":true,"jetpack_social_post_already_shared":true,"jetpack_social_options":{"image_generator_settings":{"template":"highway","enabled":false}}},"product_cat":[23],"product_tag":[],"jetpack_publicize_connections":[],"jetpack_sharing_enabled":true,"_links":{"self":[{"href":"https:\/\/presur.cl\/index.php?rest_route=\/wp\/v2\/product\/1860"}],"collection":[{"href":"https:\/\/presur.cl\/index.php?rest_route=\/wp\/v2\/product"}],"about":[{"href":"https:\/\/presur.cl\/index.php?rest_route=\/wp\/v2\/types\/product"}],"version-history":[{"count":1,"href":"https:\/\/presur.cl\/index.php?rest_route=\/wp\/v2\/product\/1860\/revisions"}],"predecessor-version":[{"id":1866,"href":"https:\/\/presur.cl\/index.php?rest_route=\/wp\/v2\/product\/1860\/revisions\/1866"}],"wp:featuredmedia":[{"embeddable":true,"href":"https:\/\/presur.cl\/index.php?rest_route=\/wp\/v2\/media\/1889"}],"wp:attachment":[{"href":"https:\/\/presur.cl\/index.php?rest_route=%2Fwp%2Fv2%2Fmedia&parent=1860"}],"wp:term":[{"taxonomy":"product_cat","embeddable":true,"href":"https:\/\/presur.cl\/index.php?rest_route=%2Fwp%2Fv2%2Fproduct_cat&post=1860"},{"taxonomy":"product_tag","embeddable":true,"href":"https:\/\/presur.cl\/index.php?rest_route=%2Fwp%2Fv2%2Fproduct_tag&post=1860"}],"curies":[{"name":"wp","href":"https:\/\/api.w.org\/{rel}","templated":true}]}}