{"id":1875,"date":"2023-02-10T16:11:17","date_gmt":"2023-02-10T16:11:17","guid":{"rendered":"https:\/\/presur.cl\/?post_type=product&#038;p=1875"},"modified":"2024-05-13T16:03:10","modified_gmt":"2024-05-13T16:03:10","slug":"bebedero-cilidrico-bs-2","status":"publish","type":"product","link":"https:\/\/presur.cl\/?product=bebedero-cilidrico-bs-2","title":{"rendered":"BEBEDERO CILIDRICO BS"},"content":{"rendered":"<p><strong>MATERIAL:<\/strong> Hormig\u00f3n gran\u00edtico<\/p>\n<p><strong>ESTRUCTURA<\/strong>: Monolito armado<\/p>\n<p><strong>TERMINACI\u00d3N:<\/strong> Gran\u00edtico pulido\/liso<\/p>\n<p><strong>INSTALACI\u00d3N:<\/strong> &#8211;<\/p>\n<p><strong>PESO:<\/strong> 250 kg.<\/p>\n<p><strong>DIMENSIONES<\/strong>: D40 x 100h<\/p>\n<p><a href=\"https:\/\/presur.cl\/wp-content\/uploads\/2023\/02\/BEBEDERO-CILIDRICO-BS.pdf\">ESPECIFICACI\u00d3N T\u00c9CNICA BEBEDERO CILIDRICO BS<\/a><\/p>\n","protected":false},"excerpt":{"rendered":"<p>MATERIAL: Hormig\u00f3n gran\u00edtico ESTRUCTURA: Monolito armado TERMINACI\u00d3N: Gran\u00edtico pulido\/liso INSTALACI\u00d3N: &#8211; PESO: 250 kg. DIMENSIONES: D40 x 100h ESPECIFICACI\u00d3N T\u00c9CNICA BEBEDERO CILIDRICO BS<\/p>\n","protected":false},"featured_media":1894,"template":"","meta":{"jetpack_publicize_message":"","jetpack_is_tweetstorm":false,"jetpack_publicize_feature_enabled":true,"jetpack_social_post_already_shared":true,"jetpack_social_options":{"image_generator_settings":{"template":"highway","enabled":false}}},"product_cat":[28],"product_tag":[],"jetpack_publicize_connections":[],"jetpack_sharing_enabled":true,"_links":{"self":[{"href":"https:\/\/presur.cl\/index.php?rest_route=\/wp\/v2\/product\/1875"}],"collection":[{"href":"https:\/\/presur.cl\/index.php?rest_route=\/wp\/v2\/product"}],"about":[{"href":"https:\/\/presur.cl\/index.php?rest_route=\/wp\/v2\/types\/product"}],"version-history":[{"count":3,"href":"https:\/\/presur.cl\/index.php?rest_route=\/wp\/v2\/product\/1875\/revisions"}],"predecessor-version":[{"id":2709,"href":"https:\/\/presur.cl\/index.php?rest_route=\/wp\/v2\/product\/1875\/revisions\/2709"}],"wp:featuredmedia":[{"embeddable":true,"href":"https:\/\/presur.cl\/index.php?rest_route=\/wp\/v2\/media\/1894"}],"wp:attachment":[{"href":"https:\/\/presur.cl\/index.php?rest_route=%2Fwp%2Fv2%2Fmedia&parent=1875"}],"wp:term":[{"taxonomy":"product_cat","embeddable":true,"href":"https:\/\/presur.cl\/index.php?rest_route=%2Fwp%2Fv2%2Fproduct_cat&post=1875"},{"taxonomy":"product_tag","embeddable":true,"href":"https:\/\/presur.cl\/index.php?rest_route=%2Fwp%2Fv2%2Fproduct_tag&post=1875"}],"curies":[{"name":"wp","href":"https:\/\/api.w.org\/{rel}","templated":true}]}}