{"id":2145,"date":"2023-07-13T05:20:18","date_gmt":"2023-07-13T05:20:18","guid":{"rendered":"https:\/\/presur.cl\/?post_type=product&#038;p=2145"},"modified":"2024-05-13T16:02:52","modified_gmt":"2024-05-13T16:02:52","slug":"bebedero-doble-cuadrado","status":"publish","type":"product","link":"https:\/\/presur.cl\/?product=bebedero-doble-cuadrado","title":{"rendered":"BEBEDERO DOBLE CUADRADO"},"content":{"rendered":"<p><strong>MATERIAL:<\/strong> Hormig\u00f3n gran\u00edtico<\/p>\n<p><strong>ESTRUCTURA<\/strong>: Monolito armado<\/p>\n<p><strong>TERMINACI\u00d3N:<\/strong> Gran\u00edtico pulido<\/p>\n<p><strong>INSTALACI\u00d3N:<\/strong> Anclado con esp\u00e1rragos<\/p>\n<p><strong>PESO:<\/strong> 250 kg.<\/p>\n<p><strong>DIMENSIONES<\/strong>: 40 x 80 x 100h<\/p>\n<p><a href=\"https:\/\/presur.cl\/wp-content\/uploads\/2023\/07\/BEBEDERO-DOBLE-CUADRADO.pdf\">ESPECIFICACI\u00d3N T\u00c9CNICA BEBEDERO DOBLE CUADRADO<\/a><\/p>\n","protected":false},"excerpt":{"rendered":"<p>MATERIAL: Hormig\u00f3n gran\u00edtico ESTRUCTURA: Monolito armado TERMINACI\u00d3N: Gran\u00edtico pulido INSTALACI\u00d3N: Anclado con esp\u00e1rragos PESO: 250 kg. DIMENSIONES: 40 x 80 x 100h ESPECIFICACI\u00d3N T\u00c9CNICA BEBEDERO DOBLE CUADRADO<\/p>\n","protected":false},"featured_media":2147,"template":"","meta":{"jetpack_publicize_message":"","jetpack_is_tweetstorm":false,"jetpack_publicize_feature_enabled":true,"jetpack_social_post_already_shared":true,"jetpack_social_options":{"image_generator_settings":{"template":"highway","enabled":false}}},"product_cat":[28],"product_tag":[],"jetpack_publicize_connections":[],"jetpack_sharing_enabled":true,"_links":{"self":[{"href":"https:\/\/presur.cl\/index.php?rest_route=\/wp\/v2\/product\/2145"}],"collection":[{"href":"https:\/\/presur.cl\/index.php?rest_route=\/wp\/v2\/product"}],"about":[{"href":"https:\/\/presur.cl\/index.php?rest_route=\/wp\/v2\/types\/product"}],"version-history":[{"count":2,"href":"https:\/\/presur.cl\/index.php?rest_route=\/wp\/v2\/product\/2145\/revisions"}],"predecessor-version":[{"id":2708,"href":"https:\/\/presur.cl\/index.php?rest_route=\/wp\/v2\/product\/2145\/revisions\/2708"}],"wp:featuredmedia":[{"embeddable":true,"href":"https:\/\/presur.cl\/index.php?rest_route=\/wp\/v2\/media\/2147"}],"wp:attachment":[{"href":"https:\/\/presur.cl\/index.php?rest_route=%2Fwp%2Fv2%2Fmedia&parent=2145"}],"wp:term":[{"taxonomy":"product_cat","embeddable":true,"href":"https:\/\/presur.cl\/index.php?rest_route=%2Fwp%2Fv2%2Fproduct_cat&post=2145"},{"taxonomy":"product_tag","embeddable":true,"href":"https:\/\/presur.cl\/index.php?rest_route=%2Fwp%2Fv2%2Fproduct_tag&post=2145"}],"curies":[{"name":"wp","href":"https:\/\/api.w.org\/{rel}","templated":true}]}}