{"id":2149,"date":"2023-07-13T05:24:41","date_gmt":"2023-07-13T05:24:41","guid":{"rendered":"https:\/\/presur.cl\/?post_type=product&#038;p=2149"},"modified":"2024-08-12T22:54:50","modified_gmt":"2024-08-12T22:54:50","slug":"mesa-descanso","status":"publish","type":"product","link":"https:\/\/presur.cl\/?product=mesa-descanso","title":{"rendered":"MESA DESCANSO"},"content":{"rendered":"<p><strong>MATERIAL:<\/strong> Hormig\u00f3n gran\u00edtico<\/p>\n<p><strong>ESTRUCTURA<\/strong>: Monolito armado<\/p>\n<p><strong>TERMINACI\u00d3N:<\/strong> Gran\u00edtico pulido<\/p>\n<p><strong>INSTALACI\u00d3N: <\/strong>El anclaje se debe realizar mediante adhesivo ep\u00f3xico y fierro estriado tipo esparrago de 12 mm de di\u00e1metro que se debe insertar en la base del mobiliario seg\u00fan indicaci\u00f3n de proyecto.<\/p>\n<p><strong>PESO:<\/strong> 500 kg.<\/p>\n<p><strong>DIMENSIONES<\/strong>:80 x 80 x 80h<\/p>\n<p><a href=\"https:\/\/presur.cl\/wp-content\/uploads\/2023\/07\/MESA-DESCANSO.pdf\">ESPECIFICACI\u00d3N T\u00c9CNICA MESA DESCANSO<\/a><\/p>\n","protected":false},"excerpt":{"rendered":"<p>MATERIAL: Hormig\u00f3n gran\u00edtico ESTRUCTURA: Monolito armado TERMINACI\u00d3N: Gran\u00edtico pulido INSTALACI\u00d3N: El anclaje se debe realizar mediante adhesivo ep\u00f3xico y fierro estriado tipo esparrago de 12 mm de di\u00e1metro que se debe insertar en la base del mobiliario seg\u00fan indicaci\u00f3n de proyecto. PESO: 500 kg. DIMENSIONES:80 x 80 x 80h ESPECIFICACI\u00d3N T\u00c9CNICA MESA DESCANSO<\/p>\n","protected":false},"featured_media":2151,"template":"","meta":{"jetpack_publicize_message":"","jetpack_is_tweetstorm":false,"jetpack_publicize_feature_enabled":true,"jetpack_social_post_already_shared":true,"jetpack_social_options":{"image_generator_settings":{"template":"highway","enabled":false}}},"product_cat":[25],"product_tag":[],"jetpack_publicize_connections":[],"jetpack_sharing_enabled":true,"_links":{"self":[{"href":"https:\/\/presur.cl\/index.php?rest_route=\/wp\/v2\/product\/2149"}],"collection":[{"href":"https:\/\/presur.cl\/index.php?rest_route=\/wp\/v2\/product"}],"about":[{"href":"https:\/\/presur.cl\/index.php?rest_route=\/wp\/v2\/types\/product"}],"version-history":[{"count":4,"href":"https:\/\/presur.cl\/index.php?rest_route=\/wp\/v2\/product\/2149\/revisions"}],"predecessor-version":[{"id":2843,"href":"https:\/\/presur.cl\/index.php?rest_route=\/wp\/v2\/product\/2149\/revisions\/2843"}],"wp:featuredmedia":[{"embeddable":true,"href":"https:\/\/presur.cl\/index.php?rest_route=\/wp\/v2\/media\/2151"}],"wp:attachment":[{"href":"https:\/\/presur.cl\/index.php?rest_route=%2Fwp%2Fv2%2Fmedia&parent=2149"}],"wp:term":[{"taxonomy":"product_cat","embeddable":true,"href":"https:\/\/presur.cl\/index.php?rest_route=%2Fwp%2Fv2%2Fproduct_cat&post=2149"},{"taxonomy":"product_tag","embeddable":true,"href":"https:\/\/presur.cl\/index.php?rest_route=%2Fwp%2Fv2%2Fproduct_tag&post=2149"}],"curies":[{"name":"wp","href":"https:\/\/api.w.org\/{rel}","templated":true}]}}