{"id":2153,"date":"2023-07-13T05:30:06","date_gmt":"2023-07-13T05:30:06","guid":{"rendered":"https:\/\/presur.cl\/?post_type=product&#038;p=2153"},"modified":"2025-09-04T17:00:22","modified_gmt":"2025-09-04T17:00:22","slug":"jardinera-de-hormigon","status":"publish","type":"product","link":"https:\/\/presur.cl\/?product=jardinera-de-hormigon","title":{"rendered":"JARDINERA LONQUIMAY"},"content":{"rendered":"<p><strong>MATERIAL:<\/strong> Hormig\u00f3n gran\u00edtico<\/p>\n<p><strong>ESTRUCTURA<\/strong>: Monolito armado<\/p>\n<p><strong>TERMINACI\u00d3N:<\/strong> Gran\u00edtico pulido\/liso<\/p>\n<p><strong>INSTALACI\u00d3N:<\/strong> Anclado con esp\u00e1rragos<\/p>\n<p><strong>PESO:<\/strong> 280 kg.<\/p>\n<p><strong>DIMENSIONES<\/strong>: 136 x 136 x 45h<\/p>\n<p><strong><em><a href=\"https:\/\/presur.cl\/wp-content\/uploads\/2023\/07\/JARDINERA-LONQUIMAY.pdf\">ESPECIFICACI\u00d3N T\u00c9CNICA JARDINERA LONQUIMAY<\/a><\/em><\/strong><\/p>\n","protected":false},"excerpt":{"rendered":"<p>MATERIAL: Hormig\u00f3n gran\u00edtico ESTRUCTURA: Monolito armado TERMINACI\u00d3N: Gran\u00edtico pulido\/liso INSTALACI\u00d3N: Anclado con esp\u00e1rragos PESO: 280 kg. DIMENSIONES: 136 x 136 x 45h ESPECIFICACI\u00d3N T\u00c9CNICA JARDINERA LONQUIMAY<\/p>\n","protected":false},"featured_media":2155,"template":"","meta":{"jetpack_publicize_message":"","jetpack_is_tweetstorm":false,"jetpack_publicize_feature_enabled":true,"jetpack_social_post_already_shared":true,"jetpack_social_options":{"image_generator_settings":{"template":"highway","enabled":false}}},"product_cat":[29],"product_tag":[],"jetpack_publicize_connections":[],"jetpack_sharing_enabled":true,"_links":{"self":[{"href":"https:\/\/presur.cl\/index.php?rest_route=\/wp\/v2\/product\/2153"}],"collection":[{"href":"https:\/\/presur.cl\/index.php?rest_route=\/wp\/v2\/product"}],"about":[{"href":"https:\/\/presur.cl\/index.php?rest_route=\/wp\/v2\/types\/product"}],"version-history":[{"count":3,"href":"https:\/\/presur.cl\/index.php?rest_route=\/wp\/v2\/product\/2153\/revisions"}],"predecessor-version":[{"id":3005,"href":"https:\/\/presur.cl\/index.php?rest_route=\/wp\/v2\/product\/2153\/revisions\/3005"}],"wp:featuredmedia":[{"embeddable":true,"href":"https:\/\/presur.cl\/index.php?rest_route=\/wp\/v2\/media\/2155"}],"wp:attachment":[{"href":"https:\/\/presur.cl\/index.php?rest_route=%2Fwp%2Fv2%2Fmedia&parent=2153"}],"wp:term":[{"taxonomy":"product_cat","embeddable":true,"href":"https:\/\/presur.cl\/index.php?rest_route=%2Fwp%2Fv2%2Fproduct_cat&post=2153"},{"taxonomy":"product_tag","embeddable":true,"href":"https:\/\/presur.cl\/index.php?rest_route=%2Fwp%2Fv2%2Fproduct_tag&post=2153"}],"curies":[{"name":"wp","href":"https:\/\/api.w.org\/{rel}","templated":true}]}}