{"id":2157,"date":"2023-07-13T05:37:01","date_gmt":"2023-07-13T05:37:01","guid":{"rendered":"https:\/\/presur.cl\/?post_type=product&#038;p=2157"},"modified":"2025-09-04T16:57:29","modified_gmt":"2025-09-04T16:57:29","slug":"banca-frutillar-jx","status":"publish","type":"product","link":"https:\/\/presur.cl\/?product=banca-frutillar-jx","title":{"rendered":"BANCA FRUTILLAR JX"},"content":{"rendered":"<p><strong>MATERIAL:<\/strong> Hormig\u00f3n gran\u00edtico<\/p>\n<p><strong>ESTRUCTURA<\/strong>: Monolito armado<\/p>\n<p><strong>TERMINACI\u00d3N:<\/strong> Granito pulido #300, suave al tacto y libre de porosidad<\/p>\n<p><strong>INSTALACI\u00d3N:<\/strong> Anclado con \u00e9sparragos<\/p>\n<p><strong>PESO:<\/strong> 270 kg.<\/p>\n<p><strong>DIMENSIONES<\/strong>: 126 x 60 x 45h<\/p>\n<p><a href=\"https:\/\/presur.cl\/wp-content\/uploads\/2023\/07\/FRUTILLAR-JX.pdf\">ESPECIFICACI\u00d3N T\u00c9CNICA FRUTILLAR JX<\/a><\/p>\n","protected":false},"excerpt":{"rendered":"<p>MATERIAL: Hormig\u00f3n gran\u00edtico ESTRUCTURA: Monolito armado TERMINACI\u00d3N: Granito pulido #300, suave al tacto y libre de porosidad INSTALACI\u00d3N: Anclado con \u00e9sparragos PESO: 270 kg. DIMENSIONES: 126 x 60 x 45h ESPECIFICACI\u00d3N T\u00c9CNICA FRUTILLAR JX<\/p>\n","protected":false},"featured_media":2160,"template":"","meta":{"jetpack_publicize_message":"","jetpack_is_tweetstorm":false,"jetpack_publicize_feature_enabled":true,"jetpack_social_post_already_shared":true,"jetpack_social_options":{"image_generator_settings":{"template":"highway","enabled":false}}},"product_cat":[23],"product_tag":[],"jetpack_publicize_connections":[],"jetpack_sharing_enabled":true,"_links":{"self":[{"href":"https:\/\/presur.cl\/index.php?rest_route=\/wp\/v2\/product\/2157"}],"collection":[{"href":"https:\/\/presur.cl\/index.php?rest_route=\/wp\/v2\/product"}],"about":[{"href":"https:\/\/presur.cl\/index.php?rest_route=\/wp\/v2\/types\/product"}],"version-history":[{"count":2,"href":"https:\/\/presur.cl\/index.php?rest_route=\/wp\/v2\/product\/2157\/revisions"}],"predecessor-version":[{"id":2569,"href":"https:\/\/presur.cl\/index.php?rest_route=\/wp\/v2\/product\/2157\/revisions\/2569"}],"wp:featuredmedia":[{"embeddable":true,"href":"https:\/\/presur.cl\/index.php?rest_route=\/wp\/v2\/media\/2160"}],"wp:attachment":[{"href":"https:\/\/presur.cl\/index.php?rest_route=%2Fwp%2Fv2%2Fmedia&parent=2157"}],"wp:term":[{"taxonomy":"product_cat","embeddable":true,"href":"https:\/\/presur.cl\/index.php?rest_route=%2Fwp%2Fv2%2Fproduct_cat&post=2157"},{"taxonomy":"product_tag","embeddable":true,"href":"https:\/\/presur.cl\/index.php?rest_route=%2Fwp%2Fv2%2Fproduct_tag&post=2157"}],"curies":[{"name":"wp","href":"https:\/\/api.w.org\/{rel}","templated":true}]}}