{"id":2162,"date":"2023-07-13T05:40:30","date_gmt":"2023-07-13T05:40:30","guid":{"rendered":"https:\/\/presur.cl\/?post_type=product&#038;p=2162"},"modified":"2025-08-29T15:09:13","modified_gmt":"2025-08-29T15:09:13","slug":"banca-frutillar-jv","status":"publish","type":"product","link":"https:\/\/presur.cl\/?product=banca-frutillar-jv","title":{"rendered":"BANCA FRUTILLAR JV"},"content":{"rendered":"<p><strong>MATERIAL:<\/strong> Hormig\u00f3n gran\u00edtico<\/p>\n<p><strong>ESTRUCTURA<\/strong>: Monolito armado<\/p>\n<p><strong>TERMINACI\u00d3N:<\/strong> Gran\u00edtico pulido<\/p>\n<p><strong>INSTALACI\u00d3N:<\/strong> Anclado con esp\u00e1rragos<\/p>\n<p><strong>PESO:<\/strong> 270 Kg.<\/p>\n<p><strong>DIMENSIONES<\/strong>: 130 x 60 x 45h<\/p>\n<p><a href=\"https:\/\/presur.cl\/wp-content\/uploads\/2023\/07\/FRUTILLAR-JV.pdf\">ESPECIFICACI\u00d3N TECNICA FRUTILLAR JV<\/a><\/p>\n","protected":false},"excerpt":{"rendered":"<p>MATERIAL: Hormig\u00f3n gran\u00edtico ESTRUCTURA: Monolito armado TERMINACI\u00d3N: Gran\u00edtico pulido INSTALACI\u00d3N: Anclado con esp\u00e1rragos PESO: 270 Kg. DIMENSIONES: 130 x 60 x 45h ESPECIFICACI\u00d3N TECNICA FRUTILLAR JV<\/p>\n","protected":false},"featured_media":2163,"template":"","meta":{"jetpack_publicize_message":"","jetpack_is_tweetstorm":false,"jetpack_publicize_feature_enabled":true,"jetpack_social_post_already_shared":true,"jetpack_social_options":{"image_generator_settings":{"template":"highway","enabled":false}}},"product_cat":[23],"product_tag":[],"jetpack_publicize_connections":[],"jetpack_sharing_enabled":true,"_links":{"self":[{"href":"https:\/\/presur.cl\/index.php?rest_route=\/wp\/v2\/product\/2162"}],"collection":[{"href":"https:\/\/presur.cl\/index.php?rest_route=\/wp\/v2\/product"}],"about":[{"href":"https:\/\/presur.cl\/index.php?rest_route=\/wp\/v2\/types\/product"}],"version-history":[{"count":2,"href":"https:\/\/presur.cl\/index.php?rest_route=\/wp\/v2\/product\/2162\/revisions"}],"predecessor-version":[{"id":2568,"href":"https:\/\/presur.cl\/index.php?rest_route=\/wp\/v2\/product\/2162\/revisions\/2568"}],"wp:featuredmedia":[{"embeddable":true,"href":"https:\/\/presur.cl\/index.php?rest_route=\/wp\/v2\/media\/2163"}],"wp:attachment":[{"href":"https:\/\/presur.cl\/index.php?rest_route=%2Fwp%2Fv2%2Fmedia&parent=2162"}],"wp:term":[{"taxonomy":"product_cat","embeddable":true,"href":"https:\/\/presur.cl\/index.php?rest_route=%2Fwp%2Fv2%2Fproduct_cat&post=2162"},{"taxonomy":"product_tag","embeddable":true,"href":"https:\/\/presur.cl\/index.php?rest_route=%2Fwp%2Fv2%2Fproduct_tag&post=2162"}],"curies":[{"name":"wp","href":"https:\/\/api.w.org\/{rel}","templated":true}]}}