{"id":2179,"date":"2023-07-26T20:27:58","date_gmt":"2023-07-26T20:27:58","guid":{"rendered":"https:\/\/presur.cl\/?post_type=product&#038;p=2179"},"modified":"2025-04-08T21:23:32","modified_gmt":"2025-04-08T21:23:32","slug":"mesa-de-ajedrez-con-pisos","status":"publish","type":"product","link":"https:\/\/presur.cl\/?product=mesa-de-ajedrez-con-pisos","title":{"rendered":"MESA DE AJEDREZ CON PISOS"},"content":{"rendered":"<p>&nbsp;<\/p>\n<p><strong>MATERIAL:<\/strong> Hormig\u00f3n gran\u00edtico<\/p>\n<p><strong>ESTRUCTURA<\/strong>: Monolito armado<\/p>\n<p><strong>TERMINACI\u00d3N:<\/strong> Gran\u00edtico pulido\/liso<\/p>\n<p><strong>INSTALACI\u00d3N:<\/strong> Anclado con Esp\u00e1rrago<\/p>\n<p><strong>PESO:<\/strong> 530 kg.<\/p>\n<p><strong>DIMENSIONES<\/strong>: 80 X 80 X 80h<\/p>\n<p><a href=\"https:\/\/presur.cl\/wp-content\/uploads\/2023\/07\/MESA-DE-AJEDREZ-CON-PISOS-1.pdf\">ESPECIFICACI\u00d3N T\u00c9CNICA_MESA DE AJEDREZ CON PISOS <\/a><\/p>\n","protected":false},"excerpt":{"rendered":"<p>&nbsp; MATERIAL: Hormig\u00f3n gran\u00edtico ESTRUCTURA: Monolito armado TERMINACI\u00d3N: Gran\u00edtico pulido\/liso INSTALACI\u00d3N: Anclado con Esp\u00e1rrago PESO: 530 kg. DIMENSIONES: 80 X 80 X 80h ESPECIFICACI\u00d3N T\u00c9CNICA_MESA DE AJEDREZ CON PISOS<\/p>\n","protected":false},"featured_media":2181,"template":"","meta":{"jetpack_publicize_message":"","jetpack_is_tweetstorm":false,"jetpack_publicize_feature_enabled":true,"jetpack_social_post_already_shared":true,"jetpack_social_options":{"image_generator_settings":{"template":"highway","enabled":false}}},"product_cat":[25],"product_tag":[],"jetpack_publicize_connections":[],"jetpack_sharing_enabled":true,"_links":{"self":[{"href":"https:\/\/presur.cl\/index.php?rest_route=\/wp\/v2\/product\/2179"}],"collection":[{"href":"https:\/\/presur.cl\/index.php?rest_route=\/wp\/v2\/product"}],"about":[{"href":"https:\/\/presur.cl\/index.php?rest_route=\/wp\/v2\/types\/product"}],"version-history":[{"count":2,"href":"https:\/\/presur.cl\/index.php?rest_route=\/wp\/v2\/product\/2179\/revisions"}],"predecessor-version":[{"id":2729,"href":"https:\/\/presur.cl\/index.php?rest_route=\/wp\/v2\/product\/2179\/revisions\/2729"}],"wp:featuredmedia":[{"embeddable":true,"href":"https:\/\/presur.cl\/index.php?rest_route=\/wp\/v2\/media\/2181"}],"wp:attachment":[{"href":"https:\/\/presur.cl\/index.php?rest_route=%2Fwp%2Fv2%2Fmedia&parent=2179"}],"wp:term":[{"taxonomy":"product_cat","embeddable":true,"href":"https:\/\/presur.cl\/index.php?rest_route=%2Fwp%2Fv2%2Fproduct_cat&post=2179"},{"taxonomy":"product_tag","embeddable":true,"href":"https:\/\/presur.cl\/index.php?rest_route=%2Fwp%2Fv2%2Fproduct_tag&post=2179"}],"curies":[{"name":"wp","href":"https:\/\/api.w.org\/{rel}","templated":true}]}}