{"id":2193,"date":"2023-09-26T04:12:42","date_gmt":"2023-09-26T04:12:42","guid":{"rendered":"https:\/\/presur.cl\/?post_type=product&#038;p=2193"},"modified":"2025-08-25T20:34:17","modified_gmt":"2025-08-25T20:34:17","slug":"banca-pucura-180","status":"publish","type":"product","link":"https:\/\/presur.cl\/?product=banca-pucura-180","title":{"rendered":"BANCA PUCURA MADERA CON RESPALDO"},"content":{"rendered":"<p><strong>MATERIAL:<\/strong> Hormig\u00f3n gran\u00edtico y madera nativa o biopolim\u00e9rica<\/p>\n<p><strong>ESTRUCTURA<\/strong>: Monolito armado<\/p>\n<p><strong>TERMINACI\u00d3N:<\/strong> Gran\u00edtico pulido<\/p>\n<p><strong>INSTALACI\u00d3N:<\/strong> Anclado con esp\u00e1rragos<\/p>\n<p>&nbsp;<\/p>\n<p><a href=\"https:\/\/presur.cl\/wp-content\/uploads\/2023\/09\/BANCA-PUCURA-180-CON-RESPALDO-MADERA.pdf\">ESPECIFICACI\u00d3N T\u00c9CNICA_BANCA PUCURA 180 CON RESPALDO MADERA<\/a><\/p>\n<p><strong>PESO:<\/strong> 490 Kg.<\/p>\n<p><strong>DIMENSIONES<\/strong>: 180x60x70HAPR\u00d3X.<\/p>\n<p>&nbsp;<\/p>\n<p><a href=\"https:\/\/presur.cl\/wp-content\/uploads\/2025\/08\/BANCA-PUCURA-220-CON-RESPALDO-MADERA.pdf\">ESPECIFICACI\u00d3N T\u00c9CNICA BANCA-PUCURA-220-CON-RESPALDO-MADERA<\/a><\/p>\n<p><strong>PESO:<\/strong> 650 Kg.<\/p>\n<p><strong>DIMENSIONES<\/strong>: 220 x 60 x 70h Apr\u00f3x.<\/p>\n","protected":false},"excerpt":{"rendered":"<p>MATERIAL: Hormig\u00f3n gran\u00edtico y madera nativa o biopolim\u00e9rica ESTRUCTURA: Monolito armado TERMINACI\u00d3N: Gran\u00edtico pulido INSTALACI\u00d3N: Anclado con esp\u00e1rragos &nbsp; ESPECIFICACI\u00d3N T\u00c9CNICA_BANCA PUCURA 180 CON RESPALDO MADERA PESO: 490 Kg. DIMENSIONES: 180x60x70HAPR\u00d3X. &nbsp; ESPECIFICACI\u00d3N T\u00c9CNICA BANCA-PUCURA-220-CON-RESPALDO-MADERA PESO: 650 Kg. DIMENSIONES: 220 x 60 x 70h Apr\u00f3x.<\/p>\n","protected":false},"featured_media":2195,"template":"","meta":{"jetpack_publicize_message":"","jetpack_is_tweetstorm":false,"jetpack_publicize_feature_enabled":true,"jetpack_social_post_already_shared":true,"jetpack_social_options":{"image_generator_settings":{"template":"highway","enabled":false}}},"product_cat":[23],"product_tag":[],"jetpack_publicize_connections":[],"jetpack_sharing_enabled":true,"_links":{"self":[{"href":"https:\/\/presur.cl\/index.php?rest_route=\/wp\/v2\/product\/2193"}],"collection":[{"href":"https:\/\/presur.cl\/index.php?rest_route=\/wp\/v2\/product"}],"about":[{"href":"https:\/\/presur.cl\/index.php?rest_route=\/wp\/v2\/types\/product"}],"version-history":[{"count":4,"href":"https:\/\/presur.cl\/index.php?rest_route=\/wp\/v2\/product\/2193\/revisions"}],"predecessor-version":[{"id":3258,"href":"https:\/\/presur.cl\/index.php?rest_route=\/wp\/v2\/product\/2193\/revisions\/3258"}],"wp:featuredmedia":[{"embeddable":true,"href":"https:\/\/presur.cl\/index.php?rest_route=\/wp\/v2\/media\/2195"}],"wp:attachment":[{"href":"https:\/\/presur.cl\/index.php?rest_route=%2Fwp%2Fv2%2Fmedia&parent=2193"}],"wp:term":[{"taxonomy":"product_cat","embeddable":true,"href":"https:\/\/presur.cl\/index.php?rest_route=%2Fwp%2Fv2%2Fproduct_cat&post=2193"},{"taxonomy":"product_tag","embeddable":true,"href":"https:\/\/presur.cl\/index.php?rest_route=%2Fwp%2Fv2%2Fproduct_tag&post=2193"}],"curies":[{"name":"wp","href":"https:\/\/api.w.org\/{rel}","templated":true}]}}