{"id":2204,"date":"2023-09-26T04:35:39","date_gmt":"2023-09-26T04:35:39","guid":{"rendered":"https:\/\/presur.cl\/?post_type=product&#038;p=2204"},"modified":"2025-08-21T23:29:52","modified_gmt":"2025-08-21T23:29:52","slug":"2204","status":"publish","type":"product","link":"https:\/\/presur.cl\/?product=2204","title":{"rendered":"BICICLETERO DOBLE"},"content":{"rendered":"<p><strong>MATERIAL:<\/strong> Acero Galvanizado<\/p>\n<p><strong>CAPACIDAD:<\/strong> 1 &#8211; 2 Bicicletas<\/p>\n<p><strong>TIPO DE ANCLAJE:<\/strong> Pernado<\/p>\n<p><strong>PESO:<\/strong> 8,2 Kg.<\/p>\n<p><strong>DIMENSIONES<\/strong>:32.5x67x70h\u00a0 Apr\u00f3x.<\/p>\n<p><a href=\"https:\/\/presur.cl\/wp-content\/uploads\/2023\/09\/BICICLETERO-DOBLE-1.pdf\">ESPECIFICACI\u00d3N T\u00c9CNICA BICICLETERO DOBLE<\/a><\/p>\n","protected":false},"excerpt":{"rendered":"<p>MATERIAL: Acero Galvanizado CAPACIDAD: 1 &#8211; 2 Bicicletas TIPO DE ANCLAJE: Pernado PESO: 8,2 Kg. DIMENSIONES:32.5x67x70h\u00a0 Apr\u00f3x. ESPECIFICACI\u00d3N T\u00c9CNICA BICICLETERO DOBLE<\/p>\n","protected":false},"featured_media":2206,"template":"","meta":{"jetpack_publicize_message":"","jetpack_is_tweetstorm":false,"jetpack_publicize_feature_enabled":true,"jetpack_social_post_already_shared":true,"jetpack_social_options":{"image_generator_settings":{"template":"highway","enabled":false}}},"product_cat":[36,47],"product_tag":[],"jetpack_publicize_connections":[],"jetpack_sharing_enabled":true,"_links":{"self":[{"href":"https:\/\/presur.cl\/index.php?rest_route=\/wp\/v2\/product\/2204"}],"collection":[{"href":"https:\/\/presur.cl\/index.php?rest_route=\/wp\/v2\/product"}],"about":[{"href":"https:\/\/presur.cl\/index.php?rest_route=\/wp\/v2\/types\/product"}],"version-history":[{"count":4,"href":"https:\/\/presur.cl\/index.php?rest_route=\/wp\/v2\/product\/2204\/revisions"}],"predecessor-version":[{"id":2777,"href":"https:\/\/presur.cl\/index.php?rest_route=\/wp\/v2\/product\/2204\/revisions\/2777"}],"wp:featuredmedia":[{"embeddable":true,"href":"https:\/\/presur.cl\/index.php?rest_route=\/wp\/v2\/media\/2206"}],"wp:attachment":[{"href":"https:\/\/presur.cl\/index.php?rest_route=%2Fwp%2Fv2%2Fmedia&parent=2204"}],"wp:term":[{"taxonomy":"product_cat","embeddable":true,"href":"https:\/\/presur.cl\/index.php?rest_route=%2Fwp%2Fv2%2Fproduct_cat&post=2204"},{"taxonomy":"product_tag","embeddable":true,"href":"https:\/\/presur.cl\/index.php?rest_route=%2Fwp%2Fv2%2Fproduct_tag&post=2204"}],"curies":[{"name":"wp","href":"https:\/\/api.w.org\/{rel}","templated":true}]}}