{"id":2238,"date":"2023-10-16T15:58:00","date_gmt":"2023-10-16T15:58:00","guid":{"rendered":"https:\/\/presur.cl\/?post_type=product&#038;p=2238"},"modified":"2025-08-21T23:30:01","modified_gmt":"2025-08-21T23:30:01","slug":"bicicletero-doble-para-6","status":"publish","type":"product","link":"https:\/\/presur.cl\/?product=bicicletero-doble-para-6","title":{"rendered":"BICICLETERO DOBLE PARA 6"},"content":{"rendered":"<p><strong>MATERIAL:<\/strong> Acero inoxidable<\/p>\n<p><b>CAPACIDAD:<\/b> 1-6 Bicicletas<\/p>\n<p><strong>PESO:<\/strong> 48 Kg.<\/p>\n<p><strong>DIMENSIONES<\/strong>: 240 x 067 x 070h<\/p>\n<p><strong>ESPECIFICACIONES T\u00c9CNICAS: <\/strong><\/p>\n<ul>\n<li>ESTRUCTURA BASE: Ca\u00f1er\u00eda ISO65 \u00d82&#8243; MU<\/li>\n<li>COLORES DE TERMINACI\u00d3N: Negro, Gris, Verde<\/li>\n<\/ul>\n<p><a href=\"https:\/\/presur.cl\/wp-content\/uploads\/2023\/10\/BICICLETERO-DOBLE-PARA-6-1.pdf\">ESPECIFICACI\u00d3N T\u00c9CNICA_BICICLETERO DOBLE PARA 6<\/a><\/p>\n","protected":false},"excerpt":{"rendered":"<p>MATERIAL: Acero inoxidable CAPACIDAD: 1-6 Bicicletas PESO: 48 Kg. DIMENSIONES: 240 x 067 x 070h ESPECIFICACIONES T\u00c9CNICAS: ESTRUCTURA BASE: Ca\u00f1er\u00eda ISO65 \u00d82&#8243; MU COLORES DE TERMINACI\u00d3N: Negro, Gris, Verde ESPECIFICACI\u00d3N T\u00c9CNICA_BICICLETERO DOBLE PARA 6<\/p>\n","protected":false},"featured_media":2318,"template":"","meta":{"jetpack_publicize_message":"","jetpack_is_tweetstorm":false,"jetpack_publicize_feature_enabled":true,"jetpack_social_post_already_shared":true,"jetpack_social_options":{"image_generator_settings":{"template":"highway","enabled":false}}},"product_cat":[36,47],"product_tag":[],"jetpack_publicize_connections":[],"jetpack_sharing_enabled":true,"_links":{"self":[{"href":"https:\/\/presur.cl\/index.php?rest_route=\/wp\/v2\/product\/2238"}],"collection":[{"href":"https:\/\/presur.cl\/index.php?rest_route=\/wp\/v2\/product"}],"about":[{"href":"https:\/\/presur.cl\/index.php?rest_route=\/wp\/v2\/types\/product"}],"version-history":[{"count":7,"href":"https:\/\/presur.cl\/index.php?rest_route=\/wp\/v2\/product\/2238\/revisions"}],"predecessor-version":[{"id":3087,"href":"https:\/\/presur.cl\/index.php?rest_route=\/wp\/v2\/product\/2238\/revisions\/3087"}],"wp:featuredmedia":[{"embeddable":true,"href":"https:\/\/presur.cl\/index.php?rest_route=\/wp\/v2\/media\/2318"}],"wp:attachment":[{"href":"https:\/\/presur.cl\/index.php?rest_route=%2Fwp%2Fv2%2Fmedia&parent=2238"}],"wp:term":[{"taxonomy":"product_cat","embeddable":true,"href":"https:\/\/presur.cl\/index.php?rest_route=%2Fwp%2Fv2%2Fproduct_cat&post=2238"},{"taxonomy":"product_tag","embeddable":true,"href":"https:\/\/presur.cl\/index.php?rest_route=%2Fwp%2Fv2%2Fproduct_tag&post=2238"}],"curies":[{"name":"wp","href":"https:\/\/api.w.org\/{rel}","templated":true}]}}