{"id":2242,"date":"2023-10-16T16:01:48","date_gmt":"2023-10-16T16:01:48","guid":{"rendered":"https:\/\/presur.cl\/?post_type=product&#038;p=2242"},"modified":"2025-08-21T23:30:15","modified_gmt":"2025-08-21T23:30:15","slug":"bicicletero-triangulo","status":"publish","type":"product","link":"https:\/\/presur.cl\/?product=bicicletero-triangulo","title":{"rendered":"BICICLETERO TRIANGULO"},"content":{"rendered":"<p><strong>MATERIAL:<\/strong> Acero Galvanizado<\/p>\n<p><strong>CAPACIDAD:<\/strong> 1 &#8211; 6 Bicicletas<\/p>\n<p><strong>PESO:<\/strong> 29,4 Kg.<\/p>\n<p><strong>DIMENSIONES<\/strong>: 140x50x65h<\/p>\n<p><strong>\u00c1REA DE SEGURIDAD:<\/strong> 3,40&#215;2,50m<\/p>\n<p><a href=\"https:\/\/presur.cl\/wp-content\/uploads\/2023\/10\/BICICLETERO-TRIANGULO-2-1.pdf\">ESPECIFICACI\u00d3N T\u00c9CNICA BICICLETERO TRIANGULO<\/a><\/p>\n","protected":false},"excerpt":{"rendered":"<p>MATERIAL: Acero Galvanizado CAPACIDAD: 1 &#8211; 6 Bicicletas PESO: 29,4 Kg. DIMENSIONES: 140x50x65h \u00c1REA DE SEGURIDAD: 3,40&#215;2,50m ESPECIFICACI\u00d3N T\u00c9CNICA BICICLETERO TRIANGULO<\/p>\n","protected":false},"featured_media":2244,"template":"","meta":{"jetpack_publicize_message":"","jetpack_is_tweetstorm":false,"jetpack_publicize_feature_enabled":true,"jetpack_social_post_already_shared":true,"jetpack_social_options":{"image_generator_settings":{"template":"highway","enabled":false}}},"product_cat":[36,47],"product_tag":[],"jetpack_publicize_connections":[],"jetpack_sharing_enabled":true,"_links":{"self":[{"href":"https:\/\/presur.cl\/index.php?rest_route=\/wp\/v2\/product\/2242"}],"collection":[{"href":"https:\/\/presur.cl\/index.php?rest_route=\/wp\/v2\/product"}],"about":[{"href":"https:\/\/presur.cl\/index.php?rest_route=\/wp\/v2\/types\/product"}],"version-history":[{"count":5,"href":"https:\/\/presur.cl\/index.php?rest_route=\/wp\/v2\/product\/2242\/revisions"}],"predecessor-version":[{"id":3124,"href":"https:\/\/presur.cl\/index.php?rest_route=\/wp\/v2\/product\/2242\/revisions\/3124"}],"wp:featuredmedia":[{"embeddable":true,"href":"https:\/\/presur.cl\/index.php?rest_route=\/wp\/v2\/media\/2244"}],"wp:attachment":[{"href":"https:\/\/presur.cl\/index.php?rest_route=%2Fwp%2Fv2%2Fmedia&parent=2242"}],"wp:term":[{"taxonomy":"product_cat","embeddable":true,"href":"https:\/\/presur.cl\/index.php?rest_route=%2Fwp%2Fv2%2Fproduct_cat&post=2242"},{"taxonomy":"product_tag","embeddable":true,"href":"https:\/\/presur.cl\/index.php?rest_route=%2Fwp%2Fv2%2Fproduct_tag&post=2242"}],"curies":[{"name":"wp","href":"https:\/\/api.w.org\/{rel}","templated":true}]}}