{"id":2291,"date":"2024-03-18T15:18:20","date_gmt":"2024-03-18T15:18:20","guid":{"rendered":"https:\/\/presur.cl\/?post_type=product&#038;p=2291"},"modified":"2025-01-23T17:34:50","modified_gmt":"2025-01-23T17:34:50","slug":"mesa-160-4-cubos-lonchoche-l1","status":"publish","type":"product","link":"https:\/\/presur.cl\/?product=mesa-160-4-cubos-lonchoche-l1","title":{"rendered":"MESA 160 + 4 CUBOS LONCHOCHE L1"},"content":{"rendered":"<p><strong>MATERIAL:<\/strong> Hormig\u00f3n gran\u00edtico<\/p>\n<p><strong>ESTRUCTURA<\/strong>: Monolito armado<\/p>\n<p><strong>TERMINACI\u00d3N:<\/strong> Gran\u00edtico pulido\/liso<\/p>\n<p><strong>INSTALACI\u00d3N:<\/strong> Anclado con esp\u00e1rragos<\/p>\n<p><strong>PESO:<\/strong> 1250 Kg.<\/p>\n<p><strong>DIMENSIONES<\/strong>: 160 x 70x80h Apr\u00f3x.<\/p>\n<p><a href=\"https:\/\/presur.cl\/wp-content\/uploads\/2024\/03\/MESA-160-4-loncoche-L1.pdf\">ESPECIFICACI\u00d3N T\u00c9CNICA_MESA 160 + 4 Loncoche L1<\/a><\/p>\n","protected":false},"excerpt":{"rendered":"<p>MATERIAL: Hormig\u00f3n gran\u00edtico ESTRUCTURA: Monolito armado TERMINACI\u00d3N: Gran\u00edtico pulido\/liso INSTALACI\u00d3N: Anclado con esp\u00e1rragos PESO: 1250 Kg. DIMENSIONES: 160 x 70x80h Apr\u00f3x. ESPECIFICACI\u00d3N T\u00c9CNICA_MESA 160 + 4 Loncoche L1<\/p>\n","protected":false},"featured_media":2293,"template":"","meta":{"jetpack_publicize_message":"","jetpack_is_tweetstorm":false,"jetpack_publicize_feature_enabled":true,"jetpack_social_post_already_shared":true,"jetpack_social_options":{"image_generator_settings":{"template":"highway","enabled":false}}},"product_cat":[23,25],"product_tag":[],"jetpack_publicize_connections":[],"jetpack_sharing_enabled":true,"_links":{"self":[{"href":"https:\/\/presur.cl\/index.php?rest_route=\/wp\/v2\/product\/2291"}],"collection":[{"href":"https:\/\/presur.cl\/index.php?rest_route=\/wp\/v2\/product"}],"about":[{"href":"https:\/\/presur.cl\/index.php?rest_route=\/wp\/v2\/types\/product"}],"version-history":[{"count":3,"href":"https:\/\/presur.cl\/index.php?rest_route=\/wp\/v2\/product\/2291\/revisions"}],"predecessor-version":[{"id":2929,"href":"https:\/\/presur.cl\/index.php?rest_route=\/wp\/v2\/product\/2291\/revisions\/2929"}],"wp:featuredmedia":[{"embeddable":true,"href":"https:\/\/presur.cl\/index.php?rest_route=\/wp\/v2\/media\/2293"}],"wp:attachment":[{"href":"https:\/\/presur.cl\/index.php?rest_route=%2Fwp%2Fv2%2Fmedia&parent=2291"}],"wp:term":[{"taxonomy":"product_cat","embeddable":true,"href":"https:\/\/presur.cl\/index.php?rest_route=%2Fwp%2Fv2%2Fproduct_cat&post=2291"},{"taxonomy":"product_tag","embeddable":true,"href":"https:\/\/presur.cl\/index.php?rest_route=%2Fwp%2Fv2%2Fproduct_tag&post=2291"}],"curies":[{"name":"wp","href":"https:\/\/api.w.org\/{rel}","templated":true}]}}