{"id":2301,"date":"2024-03-18T15:29:31","date_gmt":"2024-03-18T15:29:31","guid":{"rendered":"https:\/\/presur.cl\/?post_type=product&#038;p=2301"},"modified":"2025-04-08T21:26:43","modified_gmt":"2025-04-08T21:26:43","slug":"bebedero-conico","status":"publish","type":"product","link":"https:\/\/presur.cl\/?product=bebedero-conico","title":{"rendered":"BEBEDERO C\u00d3NICO"},"content":{"rendered":"<p><strong>MATERIAL:<\/strong> Hormig\u00f3n gran\u00edtico<\/p>\n<p><strong>ESTRUCTURA<\/strong>: Monolito armado<\/p>\n<p><strong>TERMINACI\u00d3N:<\/strong> Gran\u00edtico pulido\/liso<\/p>\n<p><strong>INSTALACI\u00d3N:<\/strong> Anclado con esp\u00e1rragos<\/p>\n<p><strong>PESO:<\/strong> 250 kg.<\/p>\n<p><strong>DIMENSIONES<\/strong>: D38 x100h<\/p>\n<p><a href=\"https:\/\/presur.cl\/wp-content\/uploads\/2024\/03\/BEBEDERO-CONICO.pdf\">ESPECIFICACI\u00d3N T\u00c9CNICA_BEBEDERO C\u00d3NICO<\/a><\/p>\n","protected":false},"excerpt":{"rendered":"<p>MATERIAL: Hormig\u00f3n gran\u00edtico ESTRUCTURA: Monolito armado TERMINACI\u00d3N: Gran\u00edtico pulido\/liso INSTALACI\u00d3N: Anclado con esp\u00e1rragos PESO: 250 kg. DIMENSIONES: D38 x100h ESPECIFICACI\u00d3N T\u00c9CNICA_BEBEDERO C\u00d3NICO<\/p>\n","protected":false},"featured_media":2304,"template":"","meta":{"jetpack_publicize_message":"","jetpack_is_tweetstorm":false,"jetpack_publicize_feature_enabled":true,"jetpack_social_post_already_shared":true,"jetpack_social_options":{"image_generator_settings":{"template":"highway","enabled":false}}},"product_cat":[28],"product_tag":[],"jetpack_publicize_connections":[],"jetpack_sharing_enabled":true,"_links":{"self":[{"href":"https:\/\/presur.cl\/index.php?rest_route=\/wp\/v2\/product\/2301"}],"collection":[{"href":"https:\/\/presur.cl\/index.php?rest_route=\/wp\/v2\/product"}],"about":[{"href":"https:\/\/presur.cl\/index.php?rest_route=\/wp\/v2\/types\/product"}],"version-history":[{"count":3,"href":"https:\/\/presur.cl\/index.php?rest_route=\/wp\/v2\/product\/2301\/revisions"}],"predecessor-version":[{"id":2706,"href":"https:\/\/presur.cl\/index.php?rest_route=\/wp\/v2\/product\/2301\/revisions\/2706"}],"wp:featuredmedia":[{"embeddable":true,"href":"https:\/\/presur.cl\/index.php?rest_route=\/wp\/v2\/media\/2304"}],"wp:attachment":[{"href":"https:\/\/presur.cl\/index.php?rest_route=%2Fwp%2Fv2%2Fmedia&parent=2301"}],"wp:term":[{"taxonomy":"product_cat","embeddable":true,"href":"https:\/\/presur.cl\/index.php?rest_route=%2Fwp%2Fv2%2Fproduct_cat&post=2301"},{"taxonomy":"product_tag","embeddable":true,"href":"https:\/\/presur.cl\/index.php?rest_route=%2Fwp%2Fv2%2Fproduct_tag&post=2301"}],"curies":[{"name":"wp","href":"https:\/\/api.w.org\/{rel}","templated":true}]}}