{"id":2312,"date":"2024-03-18T16:08:27","date_gmt":"2024-03-18T16:08:27","guid":{"rendered":"https:\/\/presur.cl\/?post_type=product&#038;p=2312"},"modified":"2024-05-13T16:24:13","modified_gmt":"2024-05-13T16:24:13","slug":"monolito-conmemorativo-tipo-4","status":"publish","type":"product","link":"https:\/\/presur.cl\/?product=monolito-conmemorativo-tipo-4","title":{"rendered":"MONOLITO CONMEMORATIVO TIPO 4"},"content":{"rendered":"<p><strong>MATERIAL:<\/strong> Hormig\u00f3n gran\u00edtico<\/p>\n<p><strong>ESTRUCTURA<\/strong>: Monolito armado<\/p>\n<p><strong>TERMINACI\u00d3N:<\/strong> Gran\u00edtico pulido\/liso<\/p>\n<p><strong>INSTALACI\u00d3N:<\/strong> Anclado con Esp\u00e1rrago<\/p>\n<p><strong>PESO:<\/strong> 500 kg.<\/p>\n<p><strong>DIMENSIONES<\/strong>: 80x 60x 140h Apr\u00f3x.<\/p>\n<p><a href=\"https:\/\/presur.cl\/wp-content\/uploads\/2024\/03\/MONOLITO-CONMEMORATIVO-TIPO-4.pdf\">ESPECIFICACI\u00d3N T\u00c9CNICA_MONOLITO CONMEMORATIVO TIPO 4<\/a><\/p>\n","protected":false},"excerpt":{"rendered":"<p>MATERIAL: Hormig\u00f3n gran\u00edtico ESTRUCTURA: Monolito armado TERMINACI\u00d3N: Gran\u00edtico pulido\/liso INSTALACI\u00d3N: Anclado con Esp\u00e1rrago PESO: 500 kg. DIMENSIONES: 80x 60x 140h Apr\u00f3x. ESPECIFICACI\u00d3N T\u00c9CNICA_MONOLITO CONMEMORATIVO TIPO 4<\/p>\n","protected":false},"featured_media":2314,"template":"","meta":{"jetpack_publicize_message":"","jetpack_is_tweetstorm":false,"jetpack_publicize_feature_enabled":true,"jetpack_social_post_already_shared":true,"jetpack_social_options":{"image_generator_settings":{"template":"highway","enabled":false}}},"product_cat":[37],"product_tag":[],"jetpack_publicize_connections":[],"jetpack_sharing_enabled":true,"_links":{"self":[{"href":"https:\/\/presur.cl\/index.php?rest_route=\/wp\/v2\/product\/2312"}],"collection":[{"href":"https:\/\/presur.cl\/index.php?rest_route=\/wp\/v2\/product"}],"about":[{"href":"https:\/\/presur.cl\/index.php?rest_route=\/wp\/v2\/types\/product"}],"version-history":[{"count":2,"href":"https:\/\/presur.cl\/index.php?rest_route=\/wp\/v2\/product\/2312\/revisions"}],"predecessor-version":[{"id":2743,"href":"https:\/\/presur.cl\/index.php?rest_route=\/wp\/v2\/product\/2312\/revisions\/2743"}],"wp:featuredmedia":[{"embeddable":true,"href":"https:\/\/presur.cl\/index.php?rest_route=\/wp\/v2\/media\/2314"}],"wp:attachment":[{"href":"https:\/\/presur.cl\/index.php?rest_route=%2Fwp%2Fv2%2Fmedia&parent=2312"}],"wp:term":[{"taxonomy":"product_cat","embeddable":true,"href":"https:\/\/presur.cl\/index.php?rest_route=%2Fwp%2Fv2%2Fproduct_cat&post=2312"},{"taxonomy":"product_tag","embeddable":true,"href":"https:\/\/presur.cl\/index.php?rest_route=%2Fwp%2Fv2%2Fproduct_tag&post=2312"}],"curies":[{"name":"wp","href":"https:\/\/api.w.org\/{rel}","templated":true}]}}