{"id":2332,"date":"2024-03-19T14:01:10","date_gmt":"2024-03-19T14:01:10","guid":{"rendered":"https:\/\/presur.cl\/?post_type=product&#038;p=2332"},"modified":"2025-02-04T12:31:26","modified_gmt":"2025-02-04T12:31:26","slug":"basurero-lustrin","status":"publish","type":"product","link":"https:\/\/presur.cl\/?product=basurero-lustrin","title":{"rendered":"BASURERO LUSTRIN"},"content":{"rendered":"<p><strong>MATERIAL:<\/strong> Cuerpo acero<\/p>\n<p><strong>ESTRUCTURA<\/strong>: Perfil met\u00e1lico.<\/p>\n<p><strong>TERMINACI\u00d3N:<\/strong> Pintura electro est\u00e1tica.<\/p>\n<p><strong>CAPACIDAD:<\/strong> 60 lts.<\/p>\n<p><strong>DIMENSIONES<\/strong>: 20 x 64x80h<\/p>\n<p><b>Instalaci\u00f3n:<\/b> Anclajes apoyo fundaci\u00f3n en caso de suelo blando, si es sobre pavimento duro, solo anclajes y ep\u00f3xico.<\/p>\n<p><em><strong><a href=\"https:\/\/presur.cl\/wp-content\/uploads\/2024\/03\/BASURERO-LUSTRIN-ACERO-60-LTS-2.pdf\">ESPECIFICACI\u00d3N T\u00c9NICA BASURERO LUSTRIN ACERO 60 LTS<\/a><\/strong><\/em><\/p>\n","protected":false},"excerpt":{"rendered":"<p>MATERIAL: Cuerpo acero ESTRUCTURA: Perfil met\u00e1lico. TERMINACI\u00d3N: Pintura electro est\u00e1tica. CAPACIDAD: 60 lts. DIMENSIONES: 20 x 64x80h Instalaci\u00f3n: Anclajes apoyo fundaci\u00f3n en caso de suelo blando, si es sobre pavimento duro, solo anclajes y ep\u00f3xico. ESPECIFICACI\u00d3N T\u00c9NICA BASURERO LUSTRIN ACERO 60 LTS<\/p>\n","protected":false},"featured_media":2337,"template":"","meta":{"jetpack_publicize_message":"","jetpack_is_tweetstorm":false,"jetpack_publicize_feature_enabled":true,"jetpack_social_post_already_shared":true,"jetpack_social_options":{"image_generator_settings":{"template":"highway","enabled":false}}},"product_cat":[27],"product_tag":[],"jetpack_publicize_connections":[],"jetpack_sharing_enabled":true,"_links":{"self":[{"href":"https:\/\/presur.cl\/index.php?rest_route=\/wp\/v2\/product\/2332"}],"collection":[{"href":"https:\/\/presur.cl\/index.php?rest_route=\/wp\/v2\/product"}],"about":[{"href":"https:\/\/presur.cl\/index.php?rest_route=\/wp\/v2\/types\/product"}],"version-history":[{"count":5,"href":"https:\/\/presur.cl\/index.php?rest_route=\/wp\/v2\/product\/2332\/revisions"}],"predecessor-version":[{"id":3112,"href":"https:\/\/presur.cl\/index.php?rest_route=\/wp\/v2\/product\/2332\/revisions\/3112"}],"wp:featuredmedia":[{"embeddable":true,"href":"https:\/\/presur.cl\/index.php?rest_route=\/wp\/v2\/media\/2337"}],"wp:attachment":[{"href":"https:\/\/presur.cl\/index.php?rest_route=%2Fwp%2Fv2%2Fmedia&parent=2332"}],"wp:term":[{"taxonomy":"product_cat","embeddable":true,"href":"https:\/\/presur.cl\/index.php?rest_route=%2Fwp%2Fv2%2Fproduct_cat&post=2332"},{"taxonomy":"product_tag","embeddable":true,"href":"https:\/\/presur.cl\/index.php?rest_route=%2Fwp%2Fv2%2Fproduct_tag&post=2332"}],"curies":[{"name":"wp","href":"https:\/\/api.w.org\/{rel}","templated":true}]}}