{"id":2339,"date":"2024-03-19T14:08:30","date_gmt":"2024-03-19T14:08:30","guid":{"rendered":"https:\/\/presur.cl\/?post_type=product&#038;p=2339"},"modified":"2024-05-08T16:41:48","modified_gmt":"2024-05-08T16:41:48","slug":"basurero-met","status":"publish","type":"product","link":"https:\/\/presur.cl\/?product=basurero-met","title":{"rendered":"BASURERO MET"},"content":{"rendered":"<p><strong>MATERIAL:<\/strong> Estructura galvanizado electro pintado y madera nativa\u00a0 o bioplim\u00e9rica<\/p>\n<p><strong>ESTRUCTURA<\/strong>: Recipiente galvanizado.<\/p>\n<p><strong>TERMINACI\u00d3N:<\/strong> Revestimiento en madera nativa.<\/p>\n<p><strong>CAPACIDAD:<\/strong> 54 Lts.<\/p>\n<p><strong>DIMENSIONES<\/strong>: 65 x 25x79h Apr\u00f3x.<\/p>\n<p><a href=\"https:\/\/presur.cl\/wp-content\/uploads\/2024\/03\/BASURERO-MET-2.pdf\">ESPECIFICACI\u00d3N T\u00c9CNICA BASURERO MET<\/a><\/p>\n","protected":false},"excerpt":{"rendered":"<p>MATERIAL: Estructura galvanizado electro pintado y madera nativa\u00a0 o bioplim\u00e9rica ESTRUCTURA: Recipiente galvanizado. TERMINACI\u00d3N: Revestimiento en madera nativa. CAPACIDAD: 54 Lts. DIMENSIONES: 65 x 25x79h Apr\u00f3x. ESPECIFICACI\u00d3N T\u00c9CNICA BASURERO MET<\/p>\n","protected":false},"featured_media":2340,"template":"","meta":{"jetpack_publicize_message":"","jetpack_is_tweetstorm":false,"jetpack_publicize_feature_enabled":true,"jetpack_social_post_already_shared":true,"jetpack_social_options":{"image_generator_settings":{"template":"highway","enabled":false}}},"product_cat":[27],"product_tag":[],"jetpack_publicize_connections":[],"jetpack_sharing_enabled":true,"_links":{"self":[{"href":"https:\/\/presur.cl\/index.php?rest_route=\/wp\/v2\/product\/2339"}],"collection":[{"href":"https:\/\/presur.cl\/index.php?rest_route=\/wp\/v2\/product"}],"about":[{"href":"https:\/\/presur.cl\/index.php?rest_route=\/wp\/v2\/types\/product"}],"version-history":[{"count":3,"href":"https:\/\/presur.cl\/index.php?rest_route=\/wp\/v2\/product\/2339\/revisions"}],"predecessor-version":[{"id":2665,"href":"https:\/\/presur.cl\/index.php?rest_route=\/wp\/v2\/product\/2339\/revisions\/2665"}],"wp:featuredmedia":[{"embeddable":true,"href":"https:\/\/presur.cl\/index.php?rest_route=\/wp\/v2\/media\/2340"}],"wp:attachment":[{"href":"https:\/\/presur.cl\/index.php?rest_route=%2Fwp%2Fv2%2Fmedia&parent=2339"}],"wp:term":[{"taxonomy":"product_cat","embeddable":true,"href":"https:\/\/presur.cl\/index.php?rest_route=%2Fwp%2Fv2%2Fproduct_cat&post=2339"},{"taxonomy":"product_tag","embeddable":true,"href":"https:\/\/presur.cl\/index.php?rest_route=%2Fwp%2Fv2%2Fproduct_tag&post=2339"}],"curies":[{"name":"wp","href":"https:\/\/api.w.org\/{rel}","templated":true}]}}