{"id":2348,"date":"2024-03-19T14:30:06","date_gmt":"2024-03-19T14:30:06","guid":{"rendered":"https:\/\/presur.cl\/?post_type=product&#038;p=2348"},"modified":"2024-05-13T16:24:01","modified_gmt":"2024-05-13T16:24:01","slug":"monolito-conmemorativo-tipo-6","status":"publish","type":"product","link":"https:\/\/presur.cl\/?product=monolito-conmemorativo-tipo-6","title":{"rendered":"MONOLITO CONMEMORATIVO TIPO 6"},"content":{"rendered":"<p><strong>MATERIAL:<\/strong> Hormig\u00f3n visto (HB)\/Hormig\u00f3n gran\u00edtico HG)<\/p>\n<p><strong>ESTRUCTURA<\/strong>: Monolito armado<\/p>\n<p><strong>TERMINACI\u00d3N:<\/strong> Gran\u00edtico pulido\/liso<\/p>\n<p><strong>Color:<\/strong> GRIS \/GRISMARA\/BLANCOMARAUOTRO<\/p>\n<p><strong>INSTALACI\u00d3N:<\/strong> Anclado con Esp\u00e1rrago<\/p>\n<p><strong>PESO:<\/strong> 150 kg.<\/p>\n<p><strong>DIMENSIONES<\/strong>: 20x 20x 115h Apr\u00f3x.<\/p>\n<p><a href=\"https:\/\/presur.cl\/wp-content\/uploads\/2024\/03\/monolito-conmemorativo-tipo-6.pdf\">ESPECIFICACI\u00d3N T\u00c9CNICA_ MONOLITO CONMEMORATIVO TIPO 6<\/a><\/p>\n","protected":false},"excerpt":{"rendered":"<p>MATERIAL: Hormig\u00f3n visto (HB)\/Hormig\u00f3n gran\u00edtico HG) ESTRUCTURA: Monolito armado TERMINACI\u00d3N: Gran\u00edtico pulido\/liso Color: GRIS \/GRISMARA\/BLANCOMARAUOTRO INSTALACI\u00d3N: Anclado con Esp\u00e1rrago PESO: 150 kg. DIMENSIONES: 20x 20x 115h Apr\u00f3x. ESPECIFICACI\u00d3N T\u00c9CNICA_ MONOLITO CONMEMORATIVO TIPO 6<\/p>\n","protected":false},"featured_media":2350,"template":"","meta":{"jetpack_publicize_message":"","jetpack_is_tweetstorm":false,"jetpack_publicize_feature_enabled":true,"jetpack_social_post_already_shared":true,"jetpack_social_options":{"image_generator_settings":{"template":"highway","enabled":false}}},"product_cat":[37],"product_tag":[],"jetpack_publicize_connections":[],"jetpack_sharing_enabled":true,"_links":{"self":[{"href":"https:\/\/presur.cl\/index.php?rest_route=\/wp\/v2\/product\/2348"}],"collection":[{"href":"https:\/\/presur.cl\/index.php?rest_route=\/wp\/v2\/product"}],"about":[{"href":"https:\/\/presur.cl\/index.php?rest_route=\/wp\/v2\/types\/product"}],"version-history":[{"count":3,"href":"https:\/\/presur.cl\/index.php?rest_route=\/wp\/v2\/product\/2348\/revisions"}],"predecessor-version":[{"id":2742,"href":"https:\/\/presur.cl\/index.php?rest_route=\/wp\/v2\/product\/2348\/revisions\/2742"}],"wp:featuredmedia":[{"embeddable":true,"href":"https:\/\/presur.cl\/index.php?rest_route=\/wp\/v2\/media\/2350"}],"wp:attachment":[{"href":"https:\/\/presur.cl\/index.php?rest_route=%2Fwp%2Fv2%2Fmedia&parent=2348"}],"wp:term":[{"taxonomy":"product_cat","embeddable":true,"href":"https:\/\/presur.cl\/index.php?rest_route=%2Fwp%2Fv2%2Fproduct_cat&post=2348"},{"taxonomy":"product_tag","embeddable":true,"href":"https:\/\/presur.cl\/index.php?rest_route=%2Fwp%2Fv2%2Fproduct_tag&post=2348"}],"curies":[{"name":"wp","href":"https:\/\/api.w.org\/{rel}","templated":true}]}}