{"id":2353,"date":"2024-03-19T15:18:38","date_gmt":"2024-03-19T15:18:38","guid":{"rendered":"https:\/\/presur.cl\/?post_type=product&#038;p=2353"},"modified":"2025-08-21T23:27:51","modified_gmt":"2025-08-21T23:27:51","slug":"bicicletero-u-invertida","status":"publish","type":"product","link":"https:\/\/presur.cl\/?product=bicicletero-u-invertida","title":{"rendered":"BICICLETERO INDIVIDUAL U INVERTIDA"},"content":{"rendered":"<p><strong>MATERIAL:<\/strong> Acero galvanizado<\/p>\n<p><strong>CAPACIDAD<\/strong>: 1- 2 bicicletas<\/p>\n<p><strong>PESO:<\/strong> 8,2 kg.<\/p>\n<p><strong>DIMENSIONES<\/strong>: 12x77x70h<\/p>\n<p><strong>\u00c1REA DE SEGURIDAD: <\/strong>2,50 x 1,15 m<\/p>\n<p><strong>ESPECIFICACIONES T\u00c9CNICAS: <\/strong><\/p>\n<ul>\n<li>ESTRUCTURA BASE: Ca\u00f1er\u00eda ISO65 \u00d8 1\u00bd\u00bb x 2.9 x 5800mm galvanizada (WMITC)<\/li>\n<li>PLACA ANCLAJE: Plancha de 5 mm. de espesor.<\/li>\n<li>COLORES DE TERMINACI\u00d3N: Negro, Gris, Verde<\/li>\n<\/ul>\n<p><a href=\"https:\/\/presur.cl\/wp-content\/uploads\/2024\/03\/BICICLETERO-INDIVIDUAL-U-invertida-1-1.pdf\">ESPECIFICACI\u00d3N T\u00c9CNICA BICICLETERO INDIVIDUAL_U INVERTIDA<\/a><\/p>\n","protected":false},"excerpt":{"rendered":"<p>MATERIAL: Acero galvanizado CAPACIDAD: 1- 2 bicicletas PESO: 8,2 kg. DIMENSIONES: 12x77x70h \u00c1REA DE SEGURIDAD: 2,50 x 1,15 m ESPECIFICACIONES T\u00c9CNICAS: ESTRUCTURA BASE: Ca\u00f1er\u00eda ISO65 \u00d8 1\u00bd\u00bb x 2.9 x 5800mm galvanizada (WMITC) PLACA ANCLAJE: Plancha de 5 mm. de espesor. COLORES DE TERMINACI\u00d3N: Negro, Gris, Verde ESPECIFICACI\u00d3N T\u00c9CNICA BICICLETERO INDIVIDUAL_U INVERTIDA<\/p>\n","protected":false},"featured_media":2355,"template":"","meta":{"jetpack_publicize_message":"","jetpack_is_tweetstorm":false,"jetpack_publicize_feature_enabled":true,"jetpack_social_post_already_shared":true,"jetpack_social_options":{"image_generator_settings":{"template":"highway","enabled":false}}},"product_cat":[47],"product_tag":[],"jetpack_publicize_connections":[],"jetpack_sharing_enabled":true,"_links":{"self":[{"href":"https:\/\/presur.cl\/index.php?rest_route=\/wp\/v2\/product\/2353"}],"collection":[{"href":"https:\/\/presur.cl\/index.php?rest_route=\/wp\/v2\/product"}],"about":[{"href":"https:\/\/presur.cl\/index.php?rest_route=\/wp\/v2\/types\/product"}],"version-history":[{"count":5,"href":"https:\/\/presur.cl\/index.php?rest_route=\/wp\/v2\/product\/2353\/revisions"}],"predecessor-version":[{"id":3122,"href":"https:\/\/presur.cl\/index.php?rest_route=\/wp\/v2\/product\/2353\/revisions\/3122"}],"wp:featuredmedia":[{"embeddable":true,"href":"https:\/\/presur.cl\/index.php?rest_route=\/wp\/v2\/media\/2355"}],"wp:attachment":[{"href":"https:\/\/presur.cl\/index.php?rest_route=%2Fwp%2Fv2%2Fmedia&parent=2353"}],"wp:term":[{"taxonomy":"product_cat","embeddable":true,"href":"https:\/\/presur.cl\/index.php?rest_route=%2Fwp%2Fv2%2Fproduct_cat&post=2353"},{"taxonomy":"product_tag","embeddable":true,"href":"https:\/\/presur.cl\/index.php?rest_route=%2Fwp%2Fv2%2Fproduct_tag&post=2353"}],"curies":[{"name":"wp","href":"https:\/\/api.w.org\/{rel}","templated":true}]}}