{"id":2363,"date":"2024-03-19T15:36:37","date_gmt":"2024-03-19T15:36:37","guid":{"rendered":"https:\/\/presur.cl\/?post_type=product&#038;p=2363"},"modified":"2025-01-23T18:05:35","modified_gmt":"2025-01-23T18:05:35","slug":"banca-tipo-1","status":"publish","type":"product","link":"https:\/\/presur.cl\/?product=banca-tipo-1","title":{"rendered":"BANCA TIPO 1"},"content":{"rendered":"<p><strong>MATERIAL:<\/strong> Hormig\u00f3n gran\u00edtico y madera nativa o biopolim\u00e9rica<\/p>\n<p><strong>ESCTRUCTURA<\/strong>: Monolito armado<\/p>\n<p><strong>Terminaci\u00f3n: <\/strong>Gran\u00edtico pulido\/liso<\/p>\n<p><strong>PESO:<\/strong> 350kg.<\/p>\n<p><strong>DIMENSIONES<\/strong>:325 x 47x85h<\/p>\n<p><strong>EMBALAJE:<\/strong> Sobre pellet ( 2 Unidades por cada pellet)<\/p>\n<p><a href=\"https:\/\/presur.cl\/wp-content\/uploads\/2024\/03\/BANCA-TIPO-1-1.pdf\">ESPECIFICACI\u00d3N T\u00c9CNICA_BANCA TIPO 1<\/a><\/p>\n","protected":false},"excerpt":{"rendered":"<p>MATERIAL: Hormig\u00f3n gran\u00edtico y madera nativa o biopolim\u00e9rica ESCTRUCTURA: Monolito armado Terminaci\u00f3n: Gran\u00edtico pulido\/liso PESO: 350kg. DIMENSIONES:325 x 47x85h EMBALAJE: Sobre pellet ( 2 Unidades por cada pellet) ESPECIFICACI\u00d3N T\u00c9CNICA_BANCA TIPO 1<\/p>\n","protected":false},"featured_media":2367,"template":"","meta":{"jetpack_publicize_message":"","jetpack_is_tweetstorm":false,"jetpack_publicize_feature_enabled":true,"jetpack_social_post_already_shared":true,"jetpack_social_options":{"image_generator_settings":{"template":"highway","enabled":false}}},"product_cat":[23],"product_tag":[],"jetpack_publicize_connections":[],"jetpack_sharing_enabled":true,"_links":{"self":[{"href":"https:\/\/presur.cl\/index.php?rest_route=\/wp\/v2\/product\/2363"}],"collection":[{"href":"https:\/\/presur.cl\/index.php?rest_route=\/wp\/v2\/product"}],"about":[{"href":"https:\/\/presur.cl\/index.php?rest_route=\/wp\/v2\/types\/product"}],"version-history":[{"count":4,"href":"https:\/\/presur.cl\/index.php?rest_route=\/wp\/v2\/product\/2363\/revisions"}],"predecessor-version":[{"id":2862,"href":"https:\/\/presur.cl\/index.php?rest_route=\/wp\/v2\/product\/2363\/revisions\/2862"}],"wp:featuredmedia":[{"embeddable":true,"href":"https:\/\/presur.cl\/index.php?rest_route=\/wp\/v2\/media\/2367"}],"wp:attachment":[{"href":"https:\/\/presur.cl\/index.php?rest_route=%2Fwp%2Fv2%2Fmedia&parent=2363"}],"wp:term":[{"taxonomy":"product_cat","embeddable":true,"href":"https:\/\/presur.cl\/index.php?rest_route=%2Fwp%2Fv2%2Fproduct_cat&post=2363"},{"taxonomy":"product_tag","embeddable":true,"href":"https:\/\/presur.cl\/index.php?rest_route=%2Fwp%2Fv2%2Fproduct_tag&post=2363"}],"curies":[{"name":"wp","href":"https:\/\/api.w.org\/{rel}","templated":true}]}}