{"id":2369,"date":"2024-03-19T15:39:01","date_gmt":"2024-03-19T15:39:01","guid":{"rendered":"https:\/\/presur.cl\/?post_type=product&#038;p=2369"},"modified":"2025-08-19T16:25:26","modified_gmt":"2025-08-19T16:25:26","slug":"banca-tipo-2","status":"publish","type":"product","link":"https:\/\/presur.cl\/?product=banca-tipo-2","title":{"rendered":"BANCA TIPO 2"},"content":{"rendered":"<p><strong>MATERIAL: <\/strong>Hormig\u00f3n gran\u00edtico y madera nativo o biopol\u00edmerica\u00a0<strong><br \/>\n<\/strong><\/p>\n<p><strong>ESCTRUCTURA<\/strong>: Monolito armado<\/p>\n<p><strong>Terminaci\u00f3n: <\/strong>Gran\u00edtico pulido\/liso<\/p>\n<p><strong>PESO:<\/strong> 300kg.<\/p>\n<p><strong>DIMENSIONES<\/strong>:200 x 50x85h Apr\u00f3x.<\/p>\n<p><strong>EMBALAJE:<\/strong> Sobre pellet ( 2 Unidades por cada pellet)<\/p>\n<p><a href=\"https:\/\/presur.cl\/wp-content\/uploads\/2025\/08\/BANCA_TIPO-2.pdf\">ESPECIFICACI\u00d3N T\u00c9CNICA BANCA_TIPO 2<\/a><\/p>\n","protected":false},"excerpt":{"rendered":"<p>MATERIAL: Hormig\u00f3n gran\u00edtico y madera nativo o biopol\u00edmerica\u00a0 ESCTRUCTURA: Monolito armado Terminaci\u00f3n: Gran\u00edtico pulido\/liso PESO: 300kg. DIMENSIONES:200 x 50x85h Apr\u00f3x. EMBALAJE: Sobre pellet ( 2 Unidades por cada pellet) ESPECIFICACI\u00d3N T\u00c9CNICA BANCA_TIPO 2<\/p>\n","protected":false},"featured_media":3221,"template":"","meta":{"jetpack_publicize_message":"","jetpack_is_tweetstorm":false,"jetpack_publicize_feature_enabled":true,"jetpack_social_post_already_shared":true,"jetpack_social_options":{"image_generator_settings":{"template":"highway","enabled":false}}},"product_cat":[23],"product_tag":[],"jetpack_publicize_connections":[],"jetpack_sharing_enabled":true,"_links":{"self":[{"href":"https:\/\/presur.cl\/index.php?rest_route=\/wp\/v2\/product\/2369"}],"collection":[{"href":"https:\/\/presur.cl\/index.php?rest_route=\/wp\/v2\/product"}],"about":[{"href":"https:\/\/presur.cl\/index.php?rest_route=\/wp\/v2\/types\/product"}],"version-history":[{"count":4,"href":"https:\/\/presur.cl\/index.php?rest_route=\/wp\/v2\/product\/2369\/revisions"}],"predecessor-version":[{"id":3224,"href":"https:\/\/presur.cl\/index.php?rest_route=\/wp\/v2\/product\/2369\/revisions\/3224"}],"wp:featuredmedia":[{"embeddable":true,"href":"https:\/\/presur.cl\/index.php?rest_route=\/wp\/v2\/media\/3221"}],"wp:attachment":[{"href":"https:\/\/presur.cl\/index.php?rest_route=%2Fwp%2Fv2%2Fmedia&parent=2369"}],"wp:term":[{"taxonomy":"product_cat","embeddable":true,"href":"https:\/\/presur.cl\/index.php?rest_route=%2Fwp%2Fv2%2Fproduct_cat&post=2369"},{"taxonomy":"product_tag","embeddable":true,"href":"https:\/\/presur.cl\/index.php?rest_route=%2Fwp%2Fv2%2Fproduct_tag&post=2369"}],"curies":[{"name":"wp","href":"https:\/\/api.w.org\/{rel}","templated":true}]}}