{"id":2373,"date":"2024-03-19T15:42:16","date_gmt":"2024-03-19T15:42:16","guid":{"rendered":"https:\/\/presur.cl\/?post_type=product&#038;p=2373"},"modified":"2024-05-07T17:07:42","modified_gmt":"2024-05-07T17:07:42","slug":"banca-arbol","status":"publish","type":"product","link":"https:\/\/presur.cl\/?product=banca-arbol","title":{"rendered":"BANCA \u00c1RBOL"},"content":{"rendered":"<p><strong>MATERIAL:<\/strong> Hormig\u00f3n gran\u00edtico<\/p>\n<p><strong>ESCTRUCTURA<\/strong>: Monolito armado<\/p>\n<p><strong>Terminaci\u00f3n: <\/strong>Gran\u00edtico pulido\/liso<\/p>\n<p><strong>PESO:<\/strong> 1400kg.<\/p>\n<p><strong>DIMENSIONES<\/strong>:280 x 80x45h.<\/p>\n<p><strong>EMBALAJE:<\/strong> Sobre pellet ( 2 Unidades por cada pellet)<\/p>\n<p><a href=\"https:\/\/presur.cl\/wp-content\/uploads\/2024\/03\/BANCA-ARBOL.pdf\">ESPECIFICACI\u00d3N T\u00c9CNICA_BANCA \u00c1RBOL<\/a><\/p>\n","protected":false},"excerpt":{"rendered":"<p>MATERIAL: Hormig\u00f3n gran\u00edtico ESCTRUCTURA: Monolito armado Terminaci\u00f3n: Gran\u00edtico pulido\/liso PESO: 1400kg. DIMENSIONES:280 x 80x45h. EMBALAJE: Sobre pellet ( 2 Unidades por cada pellet) ESPECIFICACI\u00d3N T\u00c9CNICA_BANCA \u00c1RBOL<\/p>\n","protected":false},"featured_media":2375,"template":"","meta":{"jetpack_publicize_message":"","jetpack_is_tweetstorm":false,"jetpack_publicize_feature_enabled":true,"jetpack_social_post_already_shared":true,"jetpack_social_options":{"image_generator_settings":{"template":"highway","enabled":false}}},"product_cat":[23],"product_tag":[],"jetpack_publicize_connections":[],"jetpack_sharing_enabled":true,"_links":{"self":[{"href":"https:\/\/presur.cl\/index.php?rest_route=\/wp\/v2\/product\/2373"}],"collection":[{"href":"https:\/\/presur.cl\/index.php?rest_route=\/wp\/v2\/product"}],"about":[{"href":"https:\/\/presur.cl\/index.php?rest_route=\/wp\/v2\/types\/product"}],"version-history":[{"count":2,"href":"https:\/\/presur.cl\/index.php?rest_route=\/wp\/v2\/product\/2373\/revisions"}],"predecessor-version":[{"id":2562,"href":"https:\/\/presur.cl\/index.php?rest_route=\/wp\/v2\/product\/2373\/revisions\/2562"}],"wp:featuredmedia":[{"embeddable":true,"href":"https:\/\/presur.cl\/index.php?rest_route=\/wp\/v2\/media\/2375"}],"wp:attachment":[{"href":"https:\/\/presur.cl\/index.php?rest_route=%2Fwp%2Fv2%2Fmedia&parent=2373"}],"wp:term":[{"taxonomy":"product_cat","embeddable":true,"href":"https:\/\/presur.cl\/index.php?rest_route=%2Fwp%2Fv2%2Fproduct_cat&post=2373"},{"taxonomy":"product_tag","embeddable":true,"href":"https:\/\/presur.cl\/index.php?rest_route=%2Fwp%2Fv2%2Fproduct_tag&post=2373"}],"curies":[{"name":"wp","href":"https:\/\/api.w.org\/{rel}","templated":true}]}}