{"id":2399,"date":"2024-03-22T14:38:50","date_gmt":"2024-03-22T14:38:50","guid":{"rendered":"https:\/\/presur.cl\/?post_type=product&#038;p=2399"},"modified":"2025-02-04T12:28:35","modified_gmt":"2025-02-04T12:28:35","slug":"monolito-puyehue-con-ranura","status":"publish","type":"product","link":"https:\/\/presur.cl\/?product=monolito-puyehue-con-ranura","title":{"rendered":"MONOLITO PUYEHUE CON RANURA"},"content":{"rendered":"<p><strong>MATERIAL:<\/strong> Hormig\u00f3n gran\u00edtico<\/p>\n<p><strong>ESTRUCTURA<\/strong>: Monolito armado<\/p>\n<p><strong>TERMINACI\u00d3N:<\/strong> Gran\u00edtico pulido\/ liso<\/p>\n<p><strong>INSTALACI\u00d3N:<\/strong> Anclado con esp\u00e1rragos<\/p>\n<p><b>PROTECCI\u00d3N:<\/b> Incluye sello anti-graffiti mate transparente<\/p>\n<p><b>EMBALAJE:<\/b> Sobre pallet (2 u por cada pallet)<\/p>\n<p>&nbsp;<\/p>\n<p><strong><a href=\"https:\/\/presur.cl\/wp-content\/uploads\/2024\/03\/MONOLITO-SEGREGADOR-PUYEHUE-CON-RANURA-65-1.pdf\">ESPECIFICACI\u00d3N T\u00c9CNICA_MONOLITO SEGREGADOR PUYEHUE CON RANURA 65<\/a><\/strong><\/p>\n<p><strong>PESO:<\/strong> 28 kg. Apr\u00f3x \/ <strong>DIMENSI\u00d3N<\/strong>: D15x65h<\/p>\n<p>&nbsp;<\/p>\n<p><strong><a href=\"https:\/\/presur.cl\/wp-content\/uploads\/2024\/03\/MONOLITO-SEGREGADOR-PUYEHUE-CON-RANURA-100-1.pdf\">ESPECIFICACI\u00d3N T\u00c9CNICA\u00a0 MONOLITO SEGREGADOR PUYEHUE CON RANURA 100<\/a><\/strong><\/p>\n<p><strong>PESO:<\/strong> 40 kg. Apr\u00f3x \/ <strong>DIMENSI\u00d3N<\/strong>: D15x100h<\/p>\n<p>&nbsp;<\/p>\n<p><strong><a href=\"https:\/\/presur.cl\/wp-content\/uploads\/2024\/03\/MONOLITO-SEGREGADOR-PUYEHUE-CON-RANURA-120-2.pdf\">ESPECIFICACI\u00d3N T\u00c9CNICA MONOLITO SEGREGADOR PUYEHUE CON RANURA 120<\/a><\/strong><\/p>\n<p><strong>PESO:<\/strong> 40 kg. Apr\u00f3x \/ <strong>DIMENSI\u00d3N<\/strong>: D20x120h<\/p>\n","protected":false},"excerpt":{"rendered":"<p>MATERIAL: Hormig\u00f3n gran\u00edtico ESTRUCTURA: Monolito armado TERMINACI\u00d3N: Gran\u00edtico pulido\/ liso INSTALACI\u00d3N: Anclado con esp\u00e1rragos PROTECCI\u00d3N: Incluye sello anti-graffiti mate transparente EMBALAJE: Sobre pallet (2 u por cada pallet) &nbsp; ESPECIFICACI\u00d3N T\u00c9CNICA_MONOLITO SEGREGADOR PUYEHUE CON RANURA 65 PESO: 28 kg. Apr\u00f3x \/ DIMENSI\u00d3N: D15x65h &nbsp; ESPECIFICACI\u00d3N T\u00c9CNICA\u00a0 MONOLITO SEGREGADOR PUYEHUE CON RANURA 100 PESO: 40 kg. [&hellip;]<\/p>\n","protected":false},"featured_media":2387,"template":"","meta":{"jetpack_publicize_message":"","jetpack_is_tweetstorm":false,"jetpack_publicize_feature_enabled":true,"jetpack_social_post_already_shared":true,"jetpack_social_options":{"image_generator_settings":{"template":"highway","enabled":false}}},"product_cat":[37],"product_tag":[44],"jetpack_publicize_connections":[],"jetpack_sharing_enabled":true,"_links":{"self":[{"href":"https:\/\/presur.cl\/index.php?rest_route=\/wp\/v2\/product\/2399"}],"collection":[{"href":"https:\/\/presur.cl\/index.php?rest_route=\/wp\/v2\/product"}],"about":[{"href":"https:\/\/presur.cl\/index.php?rest_route=\/wp\/v2\/types\/product"}],"version-history":[{"count":6,"href":"https:\/\/presur.cl\/index.php?rest_route=\/wp\/v2\/product\/2399\/revisions"}],"predecessor-version":[{"id":2995,"href":"https:\/\/presur.cl\/index.php?rest_route=\/wp\/v2\/product\/2399\/revisions\/2995"}],"wp:featuredmedia":[{"embeddable":true,"href":"https:\/\/presur.cl\/index.php?rest_route=\/wp\/v2\/media\/2387"}],"wp:attachment":[{"href":"https:\/\/presur.cl\/index.php?rest_route=%2Fwp%2Fv2%2Fmedia&parent=2399"}],"wp:term":[{"taxonomy":"product_cat","embeddable":true,"href":"https:\/\/presur.cl\/index.php?rest_route=%2Fwp%2Fv2%2Fproduct_cat&post=2399"},{"taxonomy":"product_tag","embeddable":true,"href":"https:\/\/presur.cl\/index.php?rest_route=%2Fwp%2Fv2%2Fproduct_tag&post=2399"}],"curies":[{"name":"wp","href":"https:\/\/api.w.org\/{rel}","templated":true}]}}