{"id":2940,"date":"2025-01-24T15:13:33","date_gmt":"2025-01-24T15:13:33","guid":{"rendered":"https:\/\/presur.cl\/?post_type=product&#038;p=2940"},"modified":"2025-01-29T19:16:26","modified_gmt":"2025-01-29T19:16:26","slug":"lavamanos-hormigon-con-base-de-madera","status":"publish","type":"product","link":"https:\/\/presur.cl\/?product=lavamanos-hormigon-con-base-de-madera","title":{"rendered":"LAVAMANOS HORMIG\u00d3N CON BASE DE MADERA"},"content":{"rendered":"<p><strong>MATERIAL:<\/strong> Hormig\u00f3n gran\u00edtico<\/p>\n<p><strong>ESTRUCTURA<\/strong>: Monolito armado<\/p>\n<p><strong>TERMINACI\u00d3N:<\/strong> Gran\u00edtico pulido\/liso<\/p>\n<p><strong>INSTALACI\u00d3N:<\/strong> Anclado con Esp\u00e1rrago<\/p>\n<p><strong>PESO:<\/strong> 500 kg.<\/p>\n<p><strong>DIMENSIONES<\/strong>: 145 x 50 x 85h<\/p>\n<p><a href=\"https:\/\/presur.cl\/wp-content\/uploads\/2025\/01\/LAVAMANOS-HORMIGON-BASE-MADERA.pdf\">ESPECIFICACI\u00d3N T\u00c9CNICA LAVAMANOS HORMIGON BASE MADERA<\/a><\/p>\n","protected":false},"excerpt":{"rendered":"<p>MATERIAL: Hormig\u00f3n gran\u00edtico ESTRUCTURA: Monolito armado TERMINACI\u00d3N: Gran\u00edtico pulido\/liso INSTALACI\u00d3N: Anclado con Esp\u00e1rrago PESO: 500 kg. DIMENSIONES: 145 x 50 x 85h ESPECIFICACI\u00d3N T\u00c9CNICA LAVAMANOS HORMIGON BASE MADERA<\/p>\n","protected":false},"featured_media":2948,"template":"","meta":{"jetpack_publicize_message":"","jetpack_is_tweetstorm":false,"jetpack_publicize_feature_enabled":true,"jetpack_social_post_already_shared":true,"jetpack_social_options":{"image_generator_settings":{"template":"highway","enabled":false}}},"product_cat":[36],"product_tag":[],"jetpack_publicize_connections":[],"jetpack_sharing_enabled":true,"_links":{"self":[{"href":"https:\/\/presur.cl\/index.php?rest_route=\/wp\/v2\/product\/2940"}],"collection":[{"href":"https:\/\/presur.cl\/index.php?rest_route=\/wp\/v2\/product"}],"about":[{"href":"https:\/\/presur.cl\/index.php?rest_route=\/wp\/v2\/types\/product"}],"version-history":[{"count":1,"href":"https:\/\/presur.cl\/index.php?rest_route=\/wp\/v2\/product\/2940\/revisions"}],"predecessor-version":[{"id":2942,"href":"https:\/\/presur.cl\/index.php?rest_route=\/wp\/v2\/product\/2940\/revisions\/2942"}],"wp:featuredmedia":[{"embeddable":true,"href":"https:\/\/presur.cl\/index.php?rest_route=\/wp\/v2\/media\/2948"}],"wp:attachment":[{"href":"https:\/\/presur.cl\/index.php?rest_route=%2Fwp%2Fv2%2Fmedia&parent=2940"}],"wp:term":[{"taxonomy":"product_cat","embeddable":true,"href":"https:\/\/presur.cl\/index.php?rest_route=%2Fwp%2Fv2%2Fproduct_cat&post=2940"},{"taxonomy":"product_tag","embeddable":true,"href":"https:\/\/presur.cl\/index.php?rest_route=%2Fwp%2Fv2%2Fproduct_tag&post=2940"}],"curies":[{"name":"wp","href":"https:\/\/api.w.org\/{rel}","templated":true}]}}