{"id":2949,"date":"2025-01-29T18:58:01","date_gmt":"2025-01-29T18:58:01","guid":{"rendered":"https:\/\/presur.cl\/?post_type=product&#038;p=2949"},"modified":"2025-01-29T21:46:32","modified_gmt":"2025-01-29T21:46:32","slug":"monolito-segregador-cohiue","status":"publish","type":"product","link":"https:\/\/presur.cl\/?product=monolito-segregador-cohiue","title":{"rendered":"MONOLITO SEGREGADOR COIHUE"},"content":{"rendered":"<p><strong>MATERIAL:<\/strong> Hormig\u00f3n gran\u00edtico<\/p>\n<p><strong>ESTRUCTURA<\/strong>: Monolito armado<\/p>\n<p><strong>TERMINACI\u00d3N:<\/strong> Gran\u00edtico pulido\/liso<\/p>\n<p><strong>INSTALACI\u00d3N:<\/strong> Anclado con Esp\u00e1rrago<\/p>\n<p><strong>PESO:<\/strong> 35 kg.<\/p>\n<p><strong>DIMENSIONES<\/strong>: 12 x 12 x 100h<\/p>\n<p><a href=\"https:\/\/presur.cl\/wp-content\/uploads\/2025\/01\/MONOLITO-SEGREGADOR-COIHUE.pdf\">ESPECIFICACI\u00d3N T\u00c9CNICA MONOLITO SEGREGADOR COIHUE<\/a><\/p>\n","protected":false},"excerpt":{"rendered":"<p>MATERIAL: Hormig\u00f3n gran\u00edtico ESTRUCTURA: Monolito armado TERMINACI\u00d3N: Gran\u00edtico pulido\/liso INSTALACI\u00d3N: Anclado con Esp\u00e1rrago PESO: 35 kg. DIMENSIONES: 12 x 12 x 100h ESPECIFICACI\u00d3N T\u00c9CNICA MONOLITO SEGREGADOR COIHUE<\/p>\n","protected":false},"featured_media":2950,"template":"","meta":{"jetpack_publicize_message":"","jetpack_is_tweetstorm":false,"jetpack_publicize_feature_enabled":true,"jetpack_social_post_already_shared":true,"jetpack_social_options":{"image_generator_settings":{"template":"highway","enabled":false}}},"product_cat":[37],"product_tag":[],"jetpack_publicize_connections":[],"jetpack_sharing_enabled":true,"_links":{"self":[{"href":"https:\/\/presur.cl\/index.php?rest_route=\/wp\/v2\/product\/2949"}],"collection":[{"href":"https:\/\/presur.cl\/index.php?rest_route=\/wp\/v2\/product"}],"about":[{"href":"https:\/\/presur.cl\/index.php?rest_route=\/wp\/v2\/types\/product"}],"version-history":[{"count":4,"href":"https:\/\/presur.cl\/index.php?rest_route=\/wp\/v2\/product\/2949\/revisions"}],"predecessor-version":[{"id":2971,"href":"https:\/\/presur.cl\/index.php?rest_route=\/wp\/v2\/product\/2949\/revisions\/2971"}],"wp:featuredmedia":[{"embeddable":true,"href":"https:\/\/presur.cl\/index.php?rest_route=\/wp\/v2\/media\/2950"}],"wp:attachment":[{"href":"https:\/\/presur.cl\/index.php?rest_route=%2Fwp%2Fv2%2Fmedia&parent=2949"}],"wp:term":[{"taxonomy":"product_cat","embeddable":true,"href":"https:\/\/presur.cl\/index.php?rest_route=%2Fwp%2Fv2%2Fproduct_cat&post=2949"},{"taxonomy":"product_tag","embeddable":true,"href":"https:\/\/presur.cl\/index.php?rest_route=%2Fwp%2Fv2%2Fproduct_tag&post=2949"}],"curies":[{"name":"wp","href":"https:\/\/api.w.org\/{rel}","templated":true}]}}