{"id":2958,"date":"2025-01-29T19:11:04","date_gmt":"2025-01-29T19:11:04","guid":{"rendered":"https:\/\/presur.cl\/?post_type=product&#038;p=2958"},"modified":"2025-01-29T19:11:04","modified_gmt":"2025-01-29T19:11:04","slug":"banca-cono-liviana","status":"publish","type":"product","link":"https:\/\/presur.cl\/?product=banca-cono-liviana","title":{"rendered":"BANCA CONO LIVIANA"},"content":{"rendered":"<p><strong>MATERIAL:<\/strong> Hormig\u00f3n gran\u00edtico<\/p>\n<p><strong>ESTRUCTURA<\/strong>: Monolito armado<\/p>\n<p><strong>TERMINACI\u00d3N:<\/strong> Gran\u00edtico pulido\/liso<\/p>\n<p><strong>INSTALACI\u00d3N:<\/strong> Anclado con Esp\u00e1rrago<\/p>\n<p><strong>PESO:<\/strong> 280 kg.<\/p>\n<p><strong>DIMENSIONES<\/strong>: 180 x 60 x 45h<\/p>\n<p><a href=\"https:\/\/presur.cl\/wp-content\/uploads\/2025\/01\/BANCA-CONO-LIVIANA.pdf\">ESPECIFICACI\u00d3N T\u00c9CNICA BANCA CONO LIVIANA<\/a><\/p>\n","protected":false},"excerpt":{"rendered":"<p>MATERIAL: Hormig\u00f3n gran\u00edtico ESTRUCTURA: Monolito armado TERMINACI\u00d3N: Gran\u00edtico pulido\/liso INSTALACI\u00d3N: Anclado con Esp\u00e1rrago PESO: 280 kg. DIMENSIONES: 180 x 60 x 45h ESPECIFICACI\u00d3N T\u00c9CNICA BANCA CONO LIVIANA<\/p>\n","protected":false},"featured_media":2959,"template":"","meta":{"jetpack_publicize_message":"","jetpack_is_tweetstorm":false,"jetpack_publicize_feature_enabled":true,"jetpack_social_post_already_shared":true,"jetpack_social_options":{"image_generator_settings":{"template":"highway","enabled":false}}},"product_cat":[23],"product_tag":[],"jetpack_publicize_connections":[],"jetpack_sharing_enabled":true,"_links":{"self":[{"href":"https:\/\/presur.cl\/index.php?rest_route=\/wp\/v2\/product\/2958"}],"collection":[{"href":"https:\/\/presur.cl\/index.php?rest_route=\/wp\/v2\/product"}],"about":[{"href":"https:\/\/presur.cl\/index.php?rest_route=\/wp\/v2\/types\/product"}],"version-history":[{"count":1,"href":"https:\/\/presur.cl\/index.php?rest_route=\/wp\/v2\/product\/2958\/revisions"}],"predecessor-version":[{"id":2960,"href":"https:\/\/presur.cl\/index.php?rest_route=\/wp\/v2\/product\/2958\/revisions\/2960"}],"wp:featuredmedia":[{"embeddable":true,"href":"https:\/\/presur.cl\/index.php?rest_route=\/wp\/v2\/media\/2959"}],"wp:attachment":[{"href":"https:\/\/presur.cl\/index.php?rest_route=%2Fwp%2Fv2%2Fmedia&parent=2958"}],"wp:term":[{"taxonomy":"product_cat","embeddable":true,"href":"https:\/\/presur.cl\/index.php?rest_route=%2Fwp%2Fv2%2Fproduct_cat&post=2958"},{"taxonomy":"product_tag","embeddable":true,"href":"https:\/\/presur.cl\/index.php?rest_route=%2Fwp%2Fv2%2Fproduct_tag&post=2958"}],"curies":[{"name":"wp","href":"https:\/\/api.w.org\/{rel}","templated":true}]}}