{"id":2961,"date":"2025-01-29T19:15:06","date_gmt":"2025-01-29T19:15:06","guid":{"rendered":"https:\/\/presur.cl\/?post_type=product&#038;p=2961"},"modified":"2025-01-29T19:15:45","modified_gmt":"2025-01-29T19:15:45","slug":"banca-coique","status":"publish","type":"product","link":"https:\/\/presur.cl\/?product=banca-coique","title":{"rendered":"BANCA COIQUE"},"content":{"rendered":"<p><strong>MATERIAL:<\/strong> Hormig\u00f3n gran\u00edtico<\/p>\n<p><strong>ESTRUCTURA<\/strong>: Monolito armado<\/p>\n<p><strong>TERMINACI\u00d3N:<\/strong> Gran\u00edtico pulido\/liso<\/p>\n<p><strong>INSTALACI\u00d3N:<\/strong> Anclado con Esp\u00e1rrago<\/p>\n<p><strong>PESO:<\/strong> 750 kg.<\/p>\n<p><strong>DIMENSIONES<\/strong>: 200 x 80 x 45h<\/p>\n<p><a href=\"https:\/\/presur.cl\/wp-content\/uploads\/2025\/01\/BANCA-COIQUE.pdf\">ESPECIFICACI\u00d3N T\u00c9CNICA BANCA COIQUE<\/a><\/p>\n","protected":false},"excerpt":{"rendered":"<p>MATERIAL: Hormig\u00f3n gran\u00edtico ESTRUCTURA: Monolito armado TERMINACI\u00d3N: Gran\u00edtico pulido\/liso INSTALACI\u00d3N: Anclado con Esp\u00e1rrago PESO: 750 kg. DIMENSIONES: 200 x 80 x 45h ESPECIFICACI\u00d3N T\u00c9CNICA BANCA COIQUE<\/p>\n","protected":false},"featured_media":2962,"template":"","meta":{"jetpack_publicize_message":"","jetpack_is_tweetstorm":false,"jetpack_publicize_feature_enabled":true,"jetpack_social_post_already_shared":true,"jetpack_social_options":{"image_generator_settings":{"template":"highway","enabled":false}}},"product_cat":[23],"product_tag":[],"jetpack_publicize_connections":[],"jetpack_sharing_enabled":true,"_links":{"self":[{"href":"https:\/\/presur.cl\/index.php?rest_route=\/wp\/v2\/product\/2961"}],"collection":[{"href":"https:\/\/presur.cl\/index.php?rest_route=\/wp\/v2\/product"}],"about":[{"href":"https:\/\/presur.cl\/index.php?rest_route=\/wp\/v2\/types\/product"}],"version-history":[{"count":2,"href":"https:\/\/presur.cl\/index.php?rest_route=\/wp\/v2\/product\/2961\/revisions"}],"predecessor-version":[{"id":2964,"href":"https:\/\/presur.cl\/index.php?rest_route=\/wp\/v2\/product\/2961\/revisions\/2964"}],"wp:featuredmedia":[{"embeddable":true,"href":"https:\/\/presur.cl\/index.php?rest_route=\/wp\/v2\/media\/2962"}],"wp:attachment":[{"href":"https:\/\/presur.cl\/index.php?rest_route=%2Fwp%2Fv2%2Fmedia&parent=2961"}],"wp:term":[{"taxonomy":"product_cat","embeddable":true,"href":"https:\/\/presur.cl\/index.php?rest_route=%2Fwp%2Fv2%2Fproduct_cat&post=2961"},{"taxonomy":"product_tag","embeddable":true,"href":"https:\/\/presur.cl\/index.php?rest_route=%2Fwp%2Fv2%2Fproduct_tag&post=2961"}],"curies":[{"name":"wp","href":"https:\/\/api.w.org\/{rel}","templated":true}]}}