{"id":3050,"date":"2025-02-07T02:05:58","date_gmt":"2025-02-07T02:05:58","guid":{"rendered":"https:\/\/presur.cl\/?post_type=product&#038;p=3050"},"modified":"2025-09-04T16:34:49","modified_gmt":"2025-09-04T16:34:49","slug":"banca-modulo-1-pr","status":"publish","type":"product","link":"https:\/\/presur.cl\/?product=banca-modulo-1-pr","title":{"rendered":"BANCA M\u00d3DULO 1 PR"},"content":{"rendered":"<p><strong>MATERIAL:<\/strong> Hormig\u00f3n gran\u00edtico<\/p>\n<p><strong>ESTRUCTURA<\/strong>: Monolito armado<\/p>\n<p><strong>TERMINACI\u00d3N:<\/strong> Gran\u00edtico pulido\/liso<\/p>\n<p><strong>INSTALACI\u00d3N:<\/strong> Anclado con Esp\u00e1rrago<\/p>\n<p><strong>PESO:<\/strong> 320 kg.<\/p>\n<p><strong>DIMENSIONES<\/strong>: 77.5 x 47 x 45h<\/p>\n<p><strong><em><a href=\"https:\/\/presur.cl\/wp-content\/uploads\/2025\/02\/BANCA-MODULO-1-PR.pdf\">ESPECIFICACI\u00d3N T\u00c9CNICA BANCA M\u00d3DULO 1 PR<\/a><\/em><\/strong><\/p>\n","protected":false},"excerpt":{"rendered":"<p>MATERIAL: Hormig\u00f3n gran\u00edtico ESTRUCTURA: Monolito armado TERMINACI\u00d3N: Gran\u00edtico pulido\/liso INSTALACI\u00d3N: Anclado con Esp\u00e1rrago PESO: 320 kg. DIMENSIONES: 77.5 x 47 x 45h ESPECIFICACI\u00d3N T\u00c9CNICA BANCA M\u00d3DULO 1 PR<\/p>\n","protected":false},"featured_media":3054,"template":"","meta":{"jetpack_publicize_message":"","jetpack_is_tweetstorm":false,"jetpack_publicize_feature_enabled":true,"jetpack_social_post_already_shared":true,"jetpack_social_options":{"image_generator_settings":{"template":"highway","enabled":false}}},"product_cat":[23],"product_tag":[],"jetpack_publicize_connections":[],"jetpack_sharing_enabled":true,"_links":{"self":[{"href":"https:\/\/presur.cl\/index.php?rest_route=\/wp\/v2\/product\/3050"}],"collection":[{"href":"https:\/\/presur.cl\/index.php?rest_route=\/wp\/v2\/product"}],"about":[{"href":"https:\/\/presur.cl\/index.php?rest_route=\/wp\/v2\/types\/product"}],"version-history":[{"count":3,"href":"https:\/\/presur.cl\/index.php?rest_route=\/wp\/v2\/product\/3050\/revisions"}],"predecessor-version":[{"id":3055,"href":"https:\/\/presur.cl\/index.php?rest_route=\/wp\/v2\/product\/3050\/revisions\/3055"}],"wp:featuredmedia":[{"embeddable":true,"href":"https:\/\/presur.cl\/index.php?rest_route=\/wp\/v2\/media\/3054"}],"wp:attachment":[{"href":"https:\/\/presur.cl\/index.php?rest_route=%2Fwp%2Fv2%2Fmedia&parent=3050"}],"wp:term":[{"taxonomy":"product_cat","embeddable":true,"href":"https:\/\/presur.cl\/index.php?rest_route=%2Fwp%2Fv2%2Fproduct_cat&post=3050"},{"taxonomy":"product_tag","embeddable":true,"href":"https:\/\/presur.cl\/index.php?rest_route=%2Fwp%2Fv2%2Fproduct_tag&post=3050"}],"curies":[{"name":"wp","href":"https:\/\/api.w.org\/{rel}","templated":true}]}}