{"id":3133,"date":"2025-05-15T16:40:54","date_gmt":"2025-05-15T16:40:54","guid":{"rendered":"https:\/\/presur.cl\/?post_type=product&#038;p=3133"},"modified":"2025-06-05T16:15:25","modified_gmt":"2025-06-05T16:15:25","slug":"banca-bicentenario-recta","status":"publish","type":"product","link":"https:\/\/presur.cl\/?product=banca-bicentenario-recta","title":{"rendered":"BANCA BICENTENARIO RECTA"},"content":{"rendered":"<p><strong>MATERIAL:<\/strong> Hormig\u00f3n gran\u00edtico y madera nativa o biopol\u00edmerica<\/p>\n<p><strong>ESTRUCTURA<\/strong>: Monolito armado<\/p>\n<p><strong>TERMINACI\u00d3N:<\/strong> Gran\u00edtico pulido<\/p>\n<p><strong>INSTALACI\u00d3N:<\/strong> Anclado con esp\u00e1rragos<\/p>\n<p><strong>PESO:<\/strong> 300 kg.<\/p>\n<p><strong>DIMENSIONES<\/strong>: 150 x 45 x 45h (4 piezas)<\/p>\n<p><a href=\"https:\/\/presur.cl\/wp-content\/uploads\/2025\/05\/BANCA-BICENTENARIO-RECTA.pdf\">ESPECIFICACI\u00d3N T\u00c9CNICA BANCA BICENTENARIO RECTA<\/a><\/p>\n","protected":false},"excerpt":{"rendered":"<p>MATERIAL: Hormig\u00f3n gran\u00edtico y madera nativa o biopol\u00edmerica ESTRUCTURA: Monolito armado TERMINACI\u00d3N: Gran\u00edtico pulido INSTALACI\u00d3N: Anclado con esp\u00e1rragos PESO: 300 kg. DIMENSIONES: 150 x 45 x 45h (4 piezas) ESPECIFICACI\u00d3N T\u00c9CNICA BANCA BICENTENARIO RECTA<\/p>\n","protected":false},"featured_media":3135,"template":"","meta":{"jetpack_publicize_message":"","jetpack_is_tweetstorm":false,"jetpack_publicize_feature_enabled":true,"jetpack_social_post_already_shared":true,"jetpack_social_options":{"image_generator_settings":{"template":"highway","enabled":false}}},"product_cat":[23],"product_tag":[],"jetpack_publicize_connections":[],"jetpack_sharing_enabled":true,"_links":{"self":[{"href":"https:\/\/presur.cl\/index.php?rest_route=\/wp\/v2\/product\/3133"}],"collection":[{"href":"https:\/\/presur.cl\/index.php?rest_route=\/wp\/v2\/product"}],"about":[{"href":"https:\/\/presur.cl\/index.php?rest_route=\/wp\/v2\/types\/product"}],"version-history":[{"count":1,"href":"https:\/\/presur.cl\/index.php?rest_route=\/wp\/v2\/product\/3133\/revisions"}],"predecessor-version":[{"id":3136,"href":"https:\/\/presur.cl\/index.php?rest_route=\/wp\/v2\/product\/3133\/revisions\/3136"}],"wp:featuredmedia":[{"embeddable":true,"href":"https:\/\/presur.cl\/index.php?rest_route=\/wp\/v2\/media\/3135"}],"wp:attachment":[{"href":"https:\/\/presur.cl\/index.php?rest_route=%2Fwp%2Fv2%2Fmedia&parent=3133"}],"wp:term":[{"taxonomy":"product_cat","embeddable":true,"href":"https:\/\/presur.cl\/index.php?rest_route=%2Fwp%2Fv2%2Fproduct_cat&post=3133"},{"taxonomy":"product_tag","embeddable":true,"href":"https:\/\/presur.cl\/index.php?rest_route=%2Fwp%2Fv2%2Fproduct_tag&post=3133"}],"curies":[{"name":"wp","href":"https:\/\/api.w.org\/{rel}","templated":true}]}}