{"id":3173,"date":"2025-06-13T20:47:13","date_gmt":"2025-06-13T20:47:13","guid":{"rendered":"https:\/\/presur.cl\/?post_type=product&#038;p=3173"},"modified":"2025-06-13T20:52:22","modified_gmt":"2025-06-13T20:52:22","slug":"banca-cubo-asiento-50","status":"publish","type":"product","link":"https:\/\/presur.cl\/?product=banca-cubo-asiento-50","title":{"rendered":"BANCA ASIENTO CUBO 50"},"content":{"rendered":"<p><strong>MATERIAL:<\/strong> Hormig\u00f3n gran\u00edtico<br \/>\n<strong>ESTRUCTURA:<\/strong> Monol\u00edto armado<br \/>\n<strong>TERMINACI\u00d3N<\/strong>: Gran\u00edtico pulido<br \/>\n<strong>INSTALACI\u00d3N:<\/strong> Anclado con esp\u00e1rragos<br \/>\n<strong>PESO:<\/strong> 180 kg.<br \/>\n<strong>DIMENSIONES<\/strong>: 50 x 50 x 50h apr\u00f3x<\/p>\n<p><a href=\"https:\/\/presur.cl\/wp-content\/uploads\/2025\/06\/BANCA-CUBO-ASIENTO-50.pdf\">ESPECIFICACI\u00d3N T\u00c9CNICA BANCA CUBO ASIENTO 50<\/a><\/p>\n","protected":false},"excerpt":{"rendered":"<p>MATERIAL: Hormig\u00f3n gran\u00edtico ESTRUCTURA: Monol\u00edto armado TERMINACI\u00d3N: Gran\u00edtico pulido INSTALACI\u00d3N: Anclado con esp\u00e1rragos PESO: 180 kg. DIMENSIONES: 50 x 50 x 50h apr\u00f3x ESPECIFICACI\u00d3N T\u00c9CNICA BANCA CUBO ASIENTO 50<\/p>\n","protected":false},"featured_media":3172,"template":"","meta":{"jetpack_publicize_message":"","jetpack_is_tweetstorm":false,"jetpack_publicize_feature_enabled":true,"jetpack_social_post_already_shared":true,"jetpack_social_options":{"image_generator_settings":{"template":"highway","enabled":false}}},"product_cat":[23],"product_tag":[],"jetpack_publicize_connections":[],"jetpack_sharing_enabled":true,"_links":{"self":[{"href":"https:\/\/presur.cl\/index.php?rest_route=\/wp\/v2\/product\/3173"}],"collection":[{"href":"https:\/\/presur.cl\/index.php?rest_route=\/wp\/v2\/product"}],"about":[{"href":"https:\/\/presur.cl\/index.php?rest_route=\/wp\/v2\/types\/product"}],"version-history":[{"count":2,"href":"https:\/\/presur.cl\/index.php?rest_route=\/wp\/v2\/product\/3173\/revisions"}],"predecessor-version":[{"id":3175,"href":"https:\/\/presur.cl\/index.php?rest_route=\/wp\/v2\/product\/3173\/revisions\/3175"}],"wp:featuredmedia":[{"embeddable":true,"href":"https:\/\/presur.cl\/index.php?rest_route=\/wp\/v2\/media\/3172"}],"wp:attachment":[{"href":"https:\/\/presur.cl\/index.php?rest_route=%2Fwp%2Fv2%2Fmedia&parent=3173"}],"wp:term":[{"taxonomy":"product_cat","embeddable":true,"href":"https:\/\/presur.cl\/index.php?rest_route=%2Fwp%2Fv2%2Fproduct_cat&post=3173"},{"taxonomy":"product_tag","embeddable":true,"href":"https:\/\/presur.cl\/index.php?rest_route=%2Fwp%2Fv2%2Fproduct_tag&post=3173"}],"curies":[{"name":"wp","href":"https:\/\/api.w.org\/{rel}","templated":true}]}}