{"id":3196,"date":"2025-07-22T14:26:54","date_gmt":"2025-07-22T14:26:54","guid":{"rendered":"https:\/\/presur.cl\/?post_type=product&#038;p=3196"},"modified":"2025-07-22T14:26:54","modified_gmt":"2025-07-22T14:26:54","slug":"protector-de-arbol-diagonal-circular-140","status":"publish","type":"product","link":"https:\/\/presur.cl\/?product=protector-de-arbol-diagonal-circular-140","title":{"rendered":"PROTECTOR DE \u00c1RBOL DIAGONAL CIRCULAR 140"},"content":{"rendered":"<p><strong>MATERIAL:<\/strong> Hormig\u00f3n gran\u00edtico<\/p>\n<p><strong>ESTRUCTURA<\/strong>: Monolito armado<\/p>\n<p><strong>TERMINACI\u00d3N:<\/strong> Gran\u00edtico pulido\/ liso<\/p>\n<p><strong>PESO: 25<\/strong>0Kg<\/p>\n<p><strong>DIMENSIONES<\/strong>: 140 x 140 x 8h Apr\u00f3x.<\/p>\n<p><b>PROTECCI\u00d3N:<\/b> Incluye sello anti-graffiti mate transparente<\/p>\n<p><b>EMBALAJE:<\/b> Sobre pallet (2 unds. por cada pallet)<\/p>\n<p><a href=\"https:\/\/presur.cl\/wp-content\/uploads\/2025\/07\/PROTECTOR-DE-ARBOL-DIAGONAL-CIRCULAR-140.pdf\">ESPECIFICACI\u00d3N T\u00c9CNICA PROTECTOR DE ARBOL DIAGONAL CIRCULAR 140<\/a><\/p>\n","protected":false},"excerpt":{"rendered":"<p>MATERIAL: Hormig\u00f3n gran\u00edtico ESTRUCTURA: Monolito armado TERMINACI\u00d3N: Gran\u00edtico pulido\/ liso PESO: 250Kg DIMENSIONES: 140 x 140 x 8h Apr\u00f3x. PROTECCI\u00d3N: Incluye sello anti-graffiti mate transparente EMBALAJE: Sobre pallet (2 unds. por cada pallet) ESPECIFICACI\u00d3N T\u00c9CNICA PROTECTOR DE ARBOL DIAGONAL CIRCULAR 140<\/p>\n","protected":false},"featured_media":3194,"template":"","meta":{"jetpack_publicize_message":"","jetpack_is_tweetstorm":false,"jetpack_publicize_feature_enabled":true,"jetpack_social_post_already_shared":true,"jetpack_social_options":{"image_generator_settings":{"template":"highway","enabled":false}}},"product_cat":[38],"product_tag":[],"jetpack_publicize_connections":[],"jetpack_sharing_enabled":true,"_links":{"self":[{"href":"https:\/\/presur.cl\/index.php?rest_route=\/wp\/v2\/product\/3196"}],"collection":[{"href":"https:\/\/presur.cl\/index.php?rest_route=\/wp\/v2\/product"}],"about":[{"href":"https:\/\/presur.cl\/index.php?rest_route=\/wp\/v2\/types\/product"}],"version-history":[{"count":1,"href":"https:\/\/presur.cl\/index.php?rest_route=\/wp\/v2\/product\/3196\/revisions"}],"predecessor-version":[{"id":3200,"href":"https:\/\/presur.cl\/index.php?rest_route=\/wp\/v2\/product\/3196\/revisions\/3200"}],"wp:featuredmedia":[{"embeddable":true,"href":"https:\/\/presur.cl\/index.php?rest_route=\/wp\/v2\/media\/3194"}],"wp:attachment":[{"href":"https:\/\/presur.cl\/index.php?rest_route=%2Fwp%2Fv2%2Fmedia&parent=3196"}],"wp:term":[{"taxonomy":"product_cat","embeddable":true,"href":"https:\/\/presur.cl\/index.php?rest_route=%2Fwp%2Fv2%2Fproduct_cat&post=3196"},{"taxonomy":"product_tag","embeddable":true,"href":"https:\/\/presur.cl\/index.php?rest_route=%2Fwp%2Fv2%2Fproduct_tag&post=3196"}],"curies":[{"name":"wp","href":"https:\/\/api.w.org\/{rel}","templated":true}]}}