{"id":3208,"date":"2025-07-25T13:38:21","date_gmt":"2025-07-25T13:38:21","guid":{"rendered":"https:\/\/presur.cl\/?post_type=product&#038;p=3208"},"modified":"2025-07-25T13:38:22","modified_gmt":"2025-07-25T13:38:22","slug":"mesa-2200","status":"publish","type":"product","link":"https:\/\/presur.cl\/?product=mesa-2200","title":{"rendered":"MESA 2200"},"content":{"rendered":"<p><strong>MATERIAL:<\/strong> Hormig\u00f3n gran\u00edtico<\/p>\n<p><strong>ESTRUCTURA<\/strong>: Monolito armado<\/p>\n<p><strong>TERMINACI\u00d3N:<\/strong> Gran\u00edtico pulido\/ liso<\/p>\n<p><strong>INSTALACI\u00d3N:<\/strong> Anclado con esp\u00e1rragos<\/p>\n<p><strong>PESO:<\/strong> 500 Kg.<\/p>\n<p><strong>DIMENSIONES<\/strong>:220x 80 x 75h Apr\u00f3x.<\/p>\n<p><b>PROTECCI\u00d3N:<\/b> Incluye sello anti-graffiti mate transparente<\/p>\n<p><b>EMBALAJE:<\/b> 2 u por cada pallet<\/p>\n<p><a href=\"https:\/\/presur.cl\/wp-content\/uploads\/2025\/07\/MESA-2200.pdf\">ESPECIFICACI\u00d3N T\u00c9CNICA MESA 2200<\/a><\/p>\n","protected":false},"excerpt":{"rendered":"<p>MATERIAL: Hormig\u00f3n gran\u00edtico ESTRUCTURA: Monolito armado TERMINACI\u00d3N: Gran\u00edtico pulido\/ liso INSTALACI\u00d3N: Anclado con esp\u00e1rragos PESO: 500 Kg. DIMENSIONES:220x 80 x 75h Apr\u00f3x. PROTECCI\u00d3N: Incluye sello anti-graffiti mate transparente EMBALAJE: 2 u por cada pallet ESPECIFICACI\u00d3N T\u00c9CNICA MESA 2200<\/p>\n","protected":false},"featured_media":3205,"template":"","meta":{"jetpack_publicize_message":"","jetpack_is_tweetstorm":false,"jetpack_publicize_feature_enabled":true,"jetpack_social_post_already_shared":true,"jetpack_social_options":{"image_generator_settings":{"template":"highway","enabled":false}}},"product_cat":[25],"product_tag":[],"jetpack_publicize_connections":[],"jetpack_sharing_enabled":true,"_links":{"self":[{"href":"https:\/\/presur.cl\/index.php?rest_route=\/wp\/v2\/product\/3208"}],"collection":[{"href":"https:\/\/presur.cl\/index.php?rest_route=\/wp\/v2\/product"}],"about":[{"href":"https:\/\/presur.cl\/index.php?rest_route=\/wp\/v2\/types\/product"}],"version-history":[{"count":1,"href":"https:\/\/presur.cl\/index.php?rest_route=\/wp\/v2\/product\/3208\/revisions"}],"predecessor-version":[{"id":3209,"href":"https:\/\/presur.cl\/index.php?rest_route=\/wp\/v2\/product\/3208\/revisions\/3209"}],"wp:featuredmedia":[{"embeddable":true,"href":"https:\/\/presur.cl\/index.php?rest_route=\/wp\/v2\/media\/3205"}],"wp:attachment":[{"href":"https:\/\/presur.cl\/index.php?rest_route=%2Fwp%2Fv2%2Fmedia&parent=3208"}],"wp:term":[{"taxonomy":"product_cat","embeddable":true,"href":"https:\/\/presur.cl\/index.php?rest_route=%2Fwp%2Fv2%2Fproduct_cat&post=3208"},{"taxonomy":"product_tag","embeddable":true,"href":"https:\/\/presur.cl\/index.php?rest_route=%2Fwp%2Fv2%2Fproduct_tag&post=3208"}],"curies":[{"name":"wp","href":"https:\/\/api.w.org\/{rel}","templated":true}]}}