{"id":3233,"date":"2025-08-21T23:21:23","date_gmt":"2025-08-21T23:21:23","guid":{"rendered":"https:\/\/presur.cl\/?post_type=product&#038;p=3233"},"modified":"2025-08-21T23:31:02","modified_gmt":"2025-08-21T23:31:02","slug":"bicicletero-argolla-6-o-7","status":"publish","type":"product","link":"https:\/\/presur.cl\/?product=bicicletero-argolla-6-o-7","title":{"rendered":"BICICLETERO ARGOLLA 6 O 7"},"content":{"rendered":"<p><strong>MATERIAL:<\/strong> Acero galvanizado<\/p>\n<p><strong>CAPACIDAD:<\/strong> 6\/7 bicicletas<\/p>\n<p><strong>PESO:<\/strong> 30 Kg. Apr\u00f3x.<\/p>\n<p><strong>DIMENSIONES<\/strong>: 218 x 56 x 96h<\/p>\n<p><strong>MEDIDAS DE SEGURIDAD:\u00a0 <\/strong>3,20 x 2,50 m<\/p>\n<p><strong>ESPECIFICACI\u00d3NES T\u00c9CNICAS: <\/strong><\/p>\n<ul>\n<li>ESTRUCTURA BASE: Ca\u00f1er\u00eda ISO65 \u00d8 1\u00bd\u00bb x 2.6 x 5800mm galvanizada (WMITC)<\/li>\n<li>PLACA ANCLAJE: Plancha de 5 mm. de espesor.<\/li>\n<li>COLORES DE TERMINACI\u00d3N: Negro, Gris, Verde<\/li>\n<\/ul>\n<p><a href=\"https:\/\/presur.cl\/wp-content\/uploads\/2025\/08\/BICICLETERO-argolla-6-7-puestos.pdf\">ESPECIFICACI\u00d3N T\u00c9CNICA BICICLETERO ARGOLLA 6 O 7 PUESTOS<\/a><\/p>\n","protected":false},"excerpt":{"rendered":"<p>MATERIAL: Acero galvanizado CAPACIDAD: 6\/7 bicicletas PESO: 30 Kg. Apr\u00f3x. DIMENSIONES: 218 x 56 x 96h MEDIDAS DE SEGURIDAD:\u00a0 3,20 x 2,50 m ESPECIFICACI\u00d3NES T\u00c9CNICAS: ESTRUCTURA BASE: Ca\u00f1er\u00eda ISO65 \u00d8 1\u00bd\u00bb x 2.6 x 5800mm galvanizada (WMITC) PLACA ANCLAJE: Plancha de 5 mm. de espesor. COLORES DE TERMINACI\u00d3N: Negro, Gris, Verde ESPECIFICACI\u00d3N T\u00c9CNICA BICICLETERO ARGOLLA [&hellip;]<\/p>\n","protected":false},"featured_media":3235,"template":"","meta":{"jetpack_publicize_message":"","jetpack_is_tweetstorm":false,"jetpack_publicize_feature_enabled":true,"jetpack_social_post_already_shared":true,"jetpack_social_options":{"image_generator_settings":{"template":"highway","enabled":false}}},"product_cat":[36,47],"product_tag":[],"jetpack_publicize_connections":[],"jetpack_sharing_enabled":true,"_links":{"self":[{"href":"https:\/\/presur.cl\/index.php?rest_route=\/wp\/v2\/product\/3233"}],"collection":[{"href":"https:\/\/presur.cl\/index.php?rest_route=\/wp\/v2\/product"}],"about":[{"href":"https:\/\/presur.cl\/index.php?rest_route=\/wp\/v2\/types\/product"}],"version-history":[{"count":1,"href":"https:\/\/presur.cl\/index.php?rest_route=\/wp\/v2\/product\/3233\/revisions"}],"predecessor-version":[{"id":3236,"href":"https:\/\/presur.cl\/index.php?rest_route=\/wp\/v2\/product\/3233\/revisions\/3236"}],"wp:featuredmedia":[{"embeddable":true,"href":"https:\/\/presur.cl\/index.php?rest_route=\/wp\/v2\/media\/3235"}],"wp:attachment":[{"href":"https:\/\/presur.cl\/index.php?rest_route=%2Fwp%2Fv2%2Fmedia&parent=3233"}],"wp:term":[{"taxonomy":"product_cat","embeddable":true,"href":"https:\/\/presur.cl\/index.php?rest_route=%2Fwp%2Fv2%2Fproduct_cat&post=3233"},{"taxonomy":"product_tag","embeddable":true,"href":"https:\/\/presur.cl\/index.php?rest_route=%2Fwp%2Fv2%2Fproduct_tag&post=3233"}],"curies":[{"name":"wp","href":"https:\/\/api.w.org\/{rel}","templated":true}]}}