{"id":3241,"date":"2025-08-21T23:34:16","date_gmt":"2025-08-21T23:34:16","guid":{"rendered":"https:\/\/presur.cl\/?post_type=product&#038;p=3241"},"modified":"2025-08-21T23:55:21","modified_gmt":"2025-08-21T23:55:21","slug":"3241","status":"publish","type":"product","link":"https:\/\/presur.cl\/?product=3241","title":{"rendered":"MONOLITO MEDIA ESFERA"},"content":{"rendered":"<p><strong>MATERIAL:<\/strong> Hormig\u00f3n gran\u00edtico<\/p>\n<p><strong>ESTRUCTURA<\/strong>: Monolito armado<\/p>\n<p><strong>TERMINACI\u00d3N:<\/strong> Gran\u00edtico pulido\/ liso<\/p>\n<p><strong>INSTALACI\u00d3N:<\/strong> Anclado con esp\u00e1rragos<\/p>\n<p><strong>PESO:<\/strong> 40 Kg.<\/p>\n<p><strong>DIMENSIONES<\/strong>: D40 x 20h<\/p>\n<p><b>PROTECCI\u00d3N:<\/b> Incluye sello anti-graffiti mate transparente<\/p>\n<p><strong><em><a href=\"https:\/\/presur.cl\/wp-content\/uploads\/2025\/08\/MONOLITO-SEMIESFERA-D40.pdf\">ESPECIFICACI\u00d3N T\u00c9CNICA MONOLITO-SEMIESFERA-D40<\/a><\/em><\/strong><\/p>\n","protected":false},"excerpt":{"rendered":"<p>MATERIAL: Hormig\u00f3n gran\u00edtico ESTRUCTURA: Monolito armado TERMINACI\u00d3N: Gran\u00edtico pulido\/ liso INSTALACI\u00d3N: Anclado con esp\u00e1rragos PESO: 40 Kg. DIMENSIONES: D40 x 20h PROTECCI\u00d3N: Incluye sello anti-graffiti mate transparente ESPECIFICACI\u00d3N T\u00c9CNICA MONOLITO-SEMIESFERA-D40<\/p>\n","protected":false},"featured_media":3243,"template":"","meta":{"jetpack_publicize_message":"","jetpack_is_tweetstorm":false,"jetpack_publicize_feature_enabled":true,"jetpack_social_post_already_shared":true,"jetpack_social_options":{"image_generator_settings":{"template":"highway","enabled":false}}},"product_cat":[37],"product_tag":[],"jetpack_publicize_connections":[],"jetpack_sharing_enabled":true,"_links":{"self":[{"href":"https:\/\/presur.cl\/index.php?rest_route=\/wp\/v2\/product\/3241"}],"collection":[{"href":"https:\/\/presur.cl\/index.php?rest_route=\/wp\/v2\/product"}],"about":[{"href":"https:\/\/presur.cl\/index.php?rest_route=\/wp\/v2\/types\/product"}],"version-history":[{"count":2,"href":"https:\/\/presur.cl\/index.php?rest_route=\/wp\/v2\/product\/3241\/revisions"}],"predecessor-version":[{"id":3254,"href":"https:\/\/presur.cl\/index.php?rest_route=\/wp\/v2\/product\/3241\/revisions\/3254"}],"wp:featuredmedia":[{"embeddable":true,"href":"https:\/\/presur.cl\/index.php?rest_route=\/wp\/v2\/media\/3243"}],"wp:attachment":[{"href":"https:\/\/presur.cl\/index.php?rest_route=%2Fwp%2Fv2%2Fmedia&parent=3241"}],"wp:term":[{"taxonomy":"product_cat","embeddable":true,"href":"https:\/\/presur.cl\/index.php?rest_route=%2Fwp%2Fv2%2Fproduct_cat&post=3241"},{"taxonomy":"product_tag","embeddable":true,"href":"https:\/\/presur.cl\/index.php?rest_route=%2Fwp%2Fv2%2Fproduct_tag&post=3241"}],"curies":[{"name":"wp","href":"https:\/\/api.w.org\/{rel}","templated":true}]}}