{"id":3245,"date":"2025-08-21T23:39:29","date_gmt":"2025-08-21T23:39:29","guid":{"rendered":"https:\/\/presur.cl\/?post_type=product&#038;p=3245"},"modified":"2025-12-09T14:24:41","modified_gmt":"2025-12-09T14:24:41","slug":"basurero-ovalado-metalico","status":"publish","type":"product","link":"https:\/\/presur.cl\/?product=basurero-ovalado-metalico","title":{"rendered":"BASURERO OVALADO MET\u00c1LICO"},"content":{"rendered":"<p><strong>MATERIAL:<\/strong><\/p>\n<ul>\n<li>Estructura: Ca\u00f1er\u00eda Galvanizada.<\/li>\n<li>Recipiente: Plancha de \u00e1cero galvanizada<\/li>\n<\/ul>\n<p><strong>ESTRUCTURA<\/strong>: Recipiente galvanizado.<\/p>\n<p><strong>CAPACIDAD:<\/strong> 10 Lts.<\/p>\n<p><strong>DIMENSIONES<\/strong>: 54 x 39 x 90h<\/p>\n<p><em><a href=\"https:\/\/presur.cl\/wp-content\/uploads\/2025\/08\/BASURERO-OVALADO-METALICO.pdf\">ESPECIFICACI\u00d3N T\u00c9CNICA BASURERO OVALADO METALICO<\/a><\/em><\/p>\n","protected":false},"excerpt":{"rendered":"<p>MATERIAL: Estructura: Ca\u00f1er\u00eda Galvanizada. Recipiente: Plancha de \u00e1cero galvanizada ESTRUCTURA: Recipiente galvanizado. CAPACIDAD: 10 Lts. DIMENSIONES: 54 x 39 x 90h ESPECIFICACI\u00d3N T\u00c9CNICA BASURERO OVALADO METALICO<\/p>\n","protected":false},"featured_media":3247,"template":"","meta":{"jetpack_publicize_message":"","jetpack_is_tweetstorm":false,"jetpack_publicize_feature_enabled":true,"jetpack_social_post_already_shared":true,"jetpack_social_options":{"image_generator_settings":{"template":"highway","enabled":false}}},"product_cat":[27],"product_tag":[],"jetpack_publicize_connections":[],"jetpack_sharing_enabled":true,"_links":{"self":[{"href":"https:\/\/presur.cl\/index.php?rest_route=\/wp\/v2\/product\/3245"}],"collection":[{"href":"https:\/\/presur.cl\/index.php?rest_route=\/wp\/v2\/product"}],"about":[{"href":"https:\/\/presur.cl\/index.php?rest_route=\/wp\/v2\/types\/product"}],"version-history":[{"count":4,"href":"https:\/\/presur.cl\/index.php?rest_route=\/wp\/v2\/product\/3245\/revisions"}],"predecessor-version":[{"id":3250,"href":"https:\/\/presur.cl\/index.php?rest_route=\/wp\/v2\/product\/3245\/revisions\/3250"}],"wp:featuredmedia":[{"embeddable":true,"href":"https:\/\/presur.cl\/index.php?rest_route=\/wp\/v2\/media\/3247"}],"wp:attachment":[{"href":"https:\/\/presur.cl\/index.php?rest_route=%2Fwp%2Fv2%2Fmedia&parent=3245"}],"wp:term":[{"taxonomy":"product_cat","embeddable":true,"href":"https:\/\/presur.cl\/index.php?rest_route=%2Fwp%2Fv2%2Fproduct_cat&post=3245"},{"taxonomy":"product_tag","embeddable":true,"href":"https:\/\/presur.cl\/index.php?rest_route=%2Fwp%2Fv2%2Fproduct_tag&post=3245"}],"curies":[{"name":"wp","href":"https:\/\/api.w.org\/{rel}","templated":true}]}}