{"id":3252,"date":"2025-08-21T23:59:24","date_gmt":"2025-08-21T23:59:24","guid":{"rendered":"https:\/\/presur.cl\/?post_type=product&#038;p=3252"},"modified":"2025-08-21T23:59:24","modified_gmt":"2025-08-21T23:59:24","slug":"monolito-esfera-base-cuadrada","status":"publish","type":"product","link":"https:\/\/presur.cl\/?product=monolito-esfera-base-cuadrada","title":{"rendered":"MONOLITO ESFERA BASE CUADRADA"},"content":{"rendered":"<p><strong>MATERIAL:<\/strong> Hormig\u00f3n gran\u00edtico<\/p>\n<p><strong>ESTRUCTURA<\/strong>: Monolito armado<\/p>\n<p><strong>TERMINACI\u00d3N:<\/strong> Gran\u00edtico pulido\/ liso<\/p>\n<p><strong>PESO: <\/strong>100 kg-1000 KG.<\/p>\n<p><strong>DIMENSIONES<\/strong>: D40\/ D50 \/ D60\/ D120<\/p>\n<p><b>PROTECCI\u00d3N:<\/b> Incluye sello anti-graffiti mate transparente<\/p>\n<p><a href=\"https:\/\/presur.cl\/wp-content\/uploads\/2025\/08\/monolito-esfera-base-cuadrada-ficha-general.pdf\">ESPECIFICACI\u00d3N T\u00c9CNICA MONOLITO ESFERA BASE CUADRARA<\/a><\/p>\n","protected":false},"excerpt":{"rendered":"<p>MATERIAL: Hormig\u00f3n gran\u00edtico ESTRUCTURA: Monolito armado TERMINACI\u00d3N: Gran\u00edtico pulido\/ liso PESO: 100 kg-1000 KG. DIMENSIONES: D40\/ D50 \/ D60\/ D120 PROTECCI\u00d3N: Incluye sello anti-graffiti mate transparente ESPECIFICACI\u00d3N T\u00c9CNICA MONOLITO ESFERA BASE CUADRARA<\/p>\n","protected":false},"featured_media":3255,"template":"","meta":{"jetpack_publicize_message":"","jetpack_is_tweetstorm":false,"jetpack_publicize_feature_enabled":true,"jetpack_social_post_already_shared":true,"jetpack_social_options":{"image_generator_settings":{"template":"highway","enabled":false}}},"product_cat":[37],"product_tag":[],"jetpack_publicize_connections":[],"jetpack_sharing_enabled":true,"_links":{"self":[{"href":"https:\/\/presur.cl\/index.php?rest_route=\/wp\/v2\/product\/3252"}],"collection":[{"href":"https:\/\/presur.cl\/index.php?rest_route=\/wp\/v2\/product"}],"about":[{"href":"https:\/\/presur.cl\/index.php?rest_route=\/wp\/v2\/types\/product"}],"version-history":[{"count":1,"href":"https:\/\/presur.cl\/index.php?rest_route=\/wp\/v2\/product\/3252\/revisions"}],"predecessor-version":[{"id":3256,"href":"https:\/\/presur.cl\/index.php?rest_route=\/wp\/v2\/product\/3252\/revisions\/3256"}],"wp:featuredmedia":[{"embeddable":true,"href":"https:\/\/presur.cl\/index.php?rest_route=\/wp\/v2\/media\/3255"}],"wp:attachment":[{"href":"https:\/\/presur.cl\/index.php?rest_route=%2Fwp%2Fv2%2Fmedia&parent=3252"}],"wp:term":[{"taxonomy":"product_cat","embeddable":true,"href":"https:\/\/presur.cl\/index.php?rest_route=%2Fwp%2Fv2%2Fproduct_cat&post=3252"},{"taxonomy":"product_tag","embeddable":true,"href":"https:\/\/presur.cl\/index.php?rest_route=%2Fwp%2Fv2%2Fproduct_tag&post=3252"}],"curies":[{"name":"wp","href":"https:\/\/api.w.org\/{rel}","templated":true}]}}