{"id":3259,"date":"2025-08-27T16:28:39","date_gmt":"2025-08-27T16:28:39","guid":{"rendered":"https:\/\/presur.cl\/?post_type=product&#038;p=3259"},"modified":"2025-08-27T16:28:39","modified_gmt":"2025-08-27T16:28:39","slug":"basurero-pilar-acero-inoxidable","status":"publish","type":"product","link":"https:\/\/presur.cl\/?product=basurero-pilar-acero-inoxidable","title":{"rendered":"BASURERO PILAR ACERO INOXIDABLE"},"content":{"rendered":"<p><strong>MATERIAL:<\/strong><\/p>\n<ul>\n<li>Estructura: Ca\u00f1er\u00eda Galvanizada.<\/li>\n<li>Recipiente: Plancha de \u00e1cero inoxidable<\/li>\n<\/ul>\n<p><strong>TERMINACI\u00d3N:<\/strong> &#8211;<\/p>\n<p><strong>PESO:<\/strong> 16kg.<\/p>\n<p><strong>DIMENSIONES<\/strong>: D33 x48 x96h<\/p>\n<p><strong>INSTALACI\u00d3N<\/strong>: La instalaci\u00f3n deber\u00e1 realizarse sobre superficie resistente y\/o veredas en buen estado, con un espesor m\u00ednimo de 7 cm. En el caso de veredas con baldosas, se deber\u00e1 considerar un espesor m\u00ednimo de 8 cm entre baldosas y mortero. El basurero deber\u00e1 fijarse al piso mediante pernos de anclaje de 3\/8\u201d x 3\u201d (no provistos).\u00bb<\/p>\n<p><a href=\"https:\/\/presur.cl\/wp-content\/uploads\/2025\/08\/BASURERO-PILAR-ACERO-INOX-CON-TAPA-2.pdf\">FICHA T\u00c9CNICA BASURERO PILAR ACERO INOX CON TAPA<\/a><\/p>\n","protected":false},"excerpt":{"rendered":"<p>MATERIAL: Estructura: Ca\u00f1er\u00eda Galvanizada. Recipiente: Plancha de \u00e1cero inoxidable TERMINACI\u00d3N: &#8211; PESO: 16kg. DIMENSIONES: D33 x48 x96h INSTALACI\u00d3N: La instalaci\u00f3n deber\u00e1 realizarse sobre superficie resistente y\/o veredas en buen estado, con un espesor m\u00ednimo de 7 cm. En el caso de veredas con baldosas, se deber\u00e1 considerar un espesor m\u00ednimo de 8 cm entre baldosas [&hellip;]<\/p>\n","protected":false},"featured_media":3264,"template":"","meta":{"jetpack_publicize_message":"","jetpack_is_tweetstorm":false,"jetpack_publicize_feature_enabled":true,"jetpack_social_post_already_shared":true,"jetpack_social_options":{"image_generator_settings":{"template":"highway","enabled":false}}},"product_cat":[27],"product_tag":[],"jetpack_publicize_connections":[],"jetpack_sharing_enabled":true,"_links":{"self":[{"href":"https:\/\/presur.cl\/index.php?rest_route=\/wp\/v2\/product\/3259"}],"collection":[{"href":"https:\/\/presur.cl\/index.php?rest_route=\/wp\/v2\/product"}],"about":[{"href":"https:\/\/presur.cl\/index.php?rest_route=\/wp\/v2\/types\/product"}],"version-history":[{"count":1,"href":"https:\/\/presur.cl\/index.php?rest_route=\/wp\/v2\/product\/3259\/revisions"}],"predecessor-version":[{"id":3265,"href":"https:\/\/presur.cl\/index.php?rest_route=\/wp\/v2\/product\/3259\/revisions\/3265"}],"wp:featuredmedia":[{"embeddable":true,"href":"https:\/\/presur.cl\/index.php?rest_route=\/wp\/v2\/media\/3264"}],"wp:attachment":[{"href":"https:\/\/presur.cl\/index.php?rest_route=%2Fwp%2Fv2%2Fmedia&parent=3259"}],"wp:term":[{"taxonomy":"product_cat","embeddable":true,"href":"https:\/\/presur.cl\/index.php?rest_route=%2Fwp%2Fv2%2Fproduct_cat&post=3259"},{"taxonomy":"product_tag","embeddable":true,"href":"https:\/\/presur.cl\/index.php?rest_route=%2Fwp%2Fv2%2Fproduct_tag&post=3259"}],"curies":[{"name":"wp","href":"https:\/\/api.w.org\/{rel}","templated":true}]}}