{"id":3342,"date":"2025-11-21T12:42:27","date_gmt":"2025-11-21T12:42:27","guid":{"rendered":"https:\/\/presur.cl\/?post_type=product&#038;p=3342"},"modified":"2025-11-21T12:48:01","modified_gmt":"2025-11-21T12:48:01","slug":"basurero-redondo-con-tapa","status":"publish","type":"product","link":"https:\/\/presur.cl\/?product=basurero-redondo-con-tapa","title":{"rendered":"BASURERO REDONDO CON TAPA"},"content":{"rendered":"<p><strong>MATERIAL:<\/strong> Hormig\u00f3n gran\u00edtico y acero inox.<\/p>\n<p><strong>TERMINACI\u00d3N:<\/strong> Gran\u00edtico pulido\/piso<\/p>\n<p><strong>INSTALACI\u00d3N:<\/strong> Anclado con esp\u00e1rragos<\/p>\n<p><strong>PESO:<\/strong> 240 Kg.<\/p>\n<p><strong>DIMENSIONES<\/strong>:D55 x 80h<\/p>\n<p><strong><a href=\"https:\/\/presur.cl\/wp-content\/uploads\/2025\/11\/BASURERO-REDONDO-D55X80H-TAPA-AC-INOX.pdf\">ESPECIFICACI\u00d3N T\u00c9CNICA BASURERO REDONDO D55X80H TAPA AC INOX<\/a><\/strong><\/p>\n","protected":false},"excerpt":{"rendered":"<p>MATERIAL: Hormig\u00f3n gran\u00edtico y acero inox. TERMINACI\u00d3N: Gran\u00edtico pulido\/piso INSTALACI\u00d3N: Anclado con esp\u00e1rragos PESO: 240 Kg. DIMENSIONES:D55 x 80h ESPECIFICACI\u00d3N T\u00c9CNICA BASURERO REDONDO D55X80H TAPA AC INOX<\/p>\n","protected":false},"featured_media":3345,"template":"","meta":{"jetpack_publicize_message":"","jetpack_is_tweetstorm":false,"jetpack_publicize_feature_enabled":true,"jetpack_social_post_already_shared":true,"jetpack_social_options":{"image_generator_settings":{"template":"highway","enabled":false}}},"product_cat":[27],"product_tag":[],"jetpack_publicize_connections":[],"jetpack_sharing_enabled":true,"_links":{"self":[{"href":"https:\/\/presur.cl\/index.php?rest_route=\/wp\/v2\/product\/3342"}],"collection":[{"href":"https:\/\/presur.cl\/index.php?rest_route=\/wp\/v2\/product"}],"about":[{"href":"https:\/\/presur.cl\/index.php?rest_route=\/wp\/v2\/types\/product"}],"version-history":[{"count":1,"href":"https:\/\/presur.cl\/index.php?rest_route=\/wp\/v2\/product\/3342\/revisions"}],"predecessor-version":[{"id":3346,"href":"https:\/\/presur.cl\/index.php?rest_route=\/wp\/v2\/product\/3342\/revisions\/3346"}],"wp:featuredmedia":[{"embeddable":true,"href":"https:\/\/presur.cl\/index.php?rest_route=\/wp\/v2\/media\/3345"}],"wp:attachment":[{"href":"https:\/\/presur.cl\/index.php?rest_route=%2Fwp%2Fv2%2Fmedia&parent=3342"}],"wp:term":[{"taxonomy":"product_cat","embeddable":true,"href":"https:\/\/presur.cl\/index.php?rest_route=%2Fwp%2Fv2%2Fproduct_cat&post=3342"},{"taxonomy":"product_tag","embeddable":true,"href":"https:\/\/presur.cl\/index.php?rest_route=%2Fwp%2Fv2%2Fproduct_tag&post=3342"}],"curies":[{"name":"wp","href":"https:\/\/api.w.org\/{rel}","templated":true}]}}