{"id":3347,"date":"2025-11-21T12:44:06","date_gmt":"2025-11-21T12:44:06","guid":{"rendered":"https:\/\/presur.cl\/?post_type=product&#038;p=3347"},"modified":"2025-11-21T12:48:29","modified_gmt":"2025-11-21T12:48:29","slug":"3347","status":"publish","type":"product","link":"https:\/\/presur.cl\/?product=3347","title":{"rendered":"BASURERO CUADRADO CON TAPA"},"content":{"rendered":"<p><strong>MATERIAL:<\/strong> Hormig\u00f3n gran\u00edtico y acero inox.<\/p>\n<p><strong>TERMINACI\u00d3N:<\/strong> Gran\u00edtico pulido\/piso<\/p>\n<p><strong>INSTALACI\u00d3N:<\/strong> Anclado con esp\u00e1rragos<\/p>\n<p><strong>PESO:<\/strong> 3000 Kg.<\/p>\n<p><strong>DIMENSIONES<\/strong>:55 x 55 x 80h<\/p>\n<p><strong><a href=\"https:\/\/presur.cl\/wp-content\/uploads\/2025\/11\/BASURERO-CUADRADO-CON-TAPA_55X55X80H.pdf\">ESPECIFICACION T\u00c9CNICA BASURERO CUADRADO CON TAPA_55X55X80H<\/a><\/strong><\/p>\n","protected":false},"excerpt":{"rendered":"<p>MATERIAL: Hormig\u00f3n gran\u00edtico y acero inox. TERMINACI\u00d3N: Gran\u00edtico pulido\/piso INSTALACI\u00d3N: Anclado con esp\u00e1rragos PESO: 3000 Kg. DIMENSIONES:55 x 55 x 80h ESPECIFICACION T\u00c9CNICA BASURERO CUADRADO CON TAPA_55X55X80H<\/p>\n","protected":false},"featured_media":3349,"template":"","meta":{"jetpack_publicize_message":"","jetpack_is_tweetstorm":false,"jetpack_publicize_feature_enabled":true,"jetpack_social_post_already_shared":true,"jetpack_social_options":{"image_generator_settings":{"template":"highway","enabled":false}}},"product_cat":[27],"product_tag":[],"jetpack_publicize_connections":[],"jetpack_sharing_enabled":true,"_links":{"self":[{"href":"https:\/\/presur.cl\/index.php?rest_route=\/wp\/v2\/product\/3347"}],"collection":[{"href":"https:\/\/presur.cl\/index.php?rest_route=\/wp\/v2\/product"}],"about":[{"href":"https:\/\/presur.cl\/index.php?rest_route=\/wp\/v2\/types\/product"}],"version-history":[{"count":2,"href":"https:\/\/presur.cl\/index.php?rest_route=\/wp\/v2\/product\/3347\/revisions"}],"predecessor-version":[{"id":3355,"href":"https:\/\/presur.cl\/index.php?rest_route=\/wp\/v2\/product\/3347\/revisions\/3355"}],"wp:featuredmedia":[{"embeddable":true,"href":"https:\/\/presur.cl\/index.php?rest_route=\/wp\/v2\/media\/3349"}],"wp:attachment":[{"href":"https:\/\/presur.cl\/index.php?rest_route=%2Fwp%2Fv2%2Fmedia&parent=3347"}],"wp:term":[{"taxonomy":"product_cat","embeddable":true,"href":"https:\/\/presur.cl\/index.php?rest_route=%2Fwp%2Fv2%2Fproduct_cat&post=3347"},{"taxonomy":"product_tag","embeddable":true,"href":"https:\/\/presur.cl\/index.php?rest_route=%2Fwp%2Fv2%2Fproduct_tag&post=3347"}],"curies":[{"name":"wp","href":"https:\/\/api.w.org\/{rel}","templated":true}]}}