{"id":3363,"date":"2025-12-09T14:37:18","date_gmt":"2025-12-09T14:37:18","guid":{"rendered":"https:\/\/presur.cl\/?post_type=product&#038;p=3363"},"modified":"2025-12-09T14:37:18","modified_gmt":"2025-12-09T14:37:18","slug":"basurero-metalico-verde","status":"publish","type":"product","link":"https:\/\/presur.cl\/?product=basurero-metalico-verde","title":{"rendered":"BASURERO MET\u00c1LICO VERDE"},"content":{"rendered":"<p><strong>MATERIAL: <\/strong>Cuerpo acero<\/p>\n<p><strong>ESTRUCTURA<\/strong>: Perfil met\u00e1lico<\/p>\n<p><strong>TERMINACI\u00d3N:<\/strong> Pintura electro est\u00e1tica<\/p>\n<p><strong>CAPACIDAD:<\/strong> 60 Lts.<\/p>\n<p><strong>DIMENSIONES<\/strong>: D38 x 60 x 90h<\/p>\n<p><a href=\"https:\/\/presur.cl\/wp-content\/uploads\/2025\/12\/BASURERO-METALICO-VERDE.pdf\">ESPECIFICACI\u00d3N T\u00c9CNICA BASURERO METALICO VERDE<\/a><\/p>\n","protected":false},"excerpt":{"rendered":"<p>MATERIAL: Cuerpo acero ESTRUCTURA: Perfil met\u00e1lico TERMINACI\u00d3N: Pintura electro est\u00e1tica CAPACIDAD: 60 Lts. DIMENSIONES: D38 x 60 x 90h ESPECIFICACI\u00d3N T\u00c9CNICA BASURERO METALICO VERDE<\/p>\n","protected":false},"featured_media":3367,"template":"","meta":{"jetpack_publicize_message":"","jetpack_is_tweetstorm":false,"jetpack_publicize_feature_enabled":true,"jetpack_social_post_already_shared":true,"jetpack_social_options":{"image_generator_settings":{"template":"highway","enabled":false}}},"product_cat":[27],"product_tag":[],"jetpack_publicize_connections":[],"jetpack_sharing_enabled":true,"_links":{"self":[{"href":"https:\/\/presur.cl\/index.php?rest_route=\/wp\/v2\/product\/3363"}],"collection":[{"href":"https:\/\/presur.cl\/index.php?rest_route=\/wp\/v2\/product"}],"about":[{"href":"https:\/\/presur.cl\/index.php?rest_route=\/wp\/v2\/types\/product"}],"version-history":[{"count":1,"href":"https:\/\/presur.cl\/index.php?rest_route=\/wp\/v2\/product\/3363\/revisions"}],"predecessor-version":[{"id":3369,"href":"https:\/\/presur.cl\/index.php?rest_route=\/wp\/v2\/product\/3363\/revisions\/3369"}],"wp:featuredmedia":[{"embeddable":true,"href":"https:\/\/presur.cl\/index.php?rest_route=\/wp\/v2\/media\/3367"}],"wp:attachment":[{"href":"https:\/\/presur.cl\/index.php?rest_route=%2Fwp%2Fv2%2Fmedia&parent=3363"}],"wp:term":[{"taxonomy":"product_cat","embeddable":true,"href":"https:\/\/presur.cl\/index.php?rest_route=%2Fwp%2Fv2%2Fproduct_cat&post=3363"},{"taxonomy":"product_tag","embeddable":true,"href":"https:\/\/presur.cl\/index.php?rest_route=%2Fwp%2Fv2%2Fproduct_tag&post=3363"}],"curies":[{"name":"wp","href":"https:\/\/api.w.org\/{rel}","templated":true}]}}