{"id":3394,"date":"2025-12-26T21:30:26","date_gmt":"2025-12-26T21:30:26","guid":{"rendered":"https:\/\/presur.cl\/?post_type=product&#038;p=3394"},"modified":"2025-12-26T21:31:21","modified_gmt":"2025-12-26T21:31:21","slug":"asiento-chillan-z","status":"publish","type":"product","link":"https:\/\/presur.cl\/?product=asiento-chillan-z","title":{"rendered":"ASIENTO CHILLAN Z"},"content":{"rendered":"<p><strong>MATERIAL:<\/strong> Hormig\u00f3n gran\u00edtico<\/p>\n<p><strong>ESTRUCTURA<\/strong>: Monolito armado<\/p>\n<p><strong>TERMINACI\u00d3N:<\/strong> Gran\u00edtico pulido\/liso<\/p>\n<p><strong>INSTALACI\u00d3N:<\/strong> Anclado con Esp\u00e1rrago<\/p>\n<p><strong>PESO:<\/strong> 168 kg.<\/p>\n<p><strong>DIMENSIONES<\/strong>: 50 x 55 x 77h<\/p>\n<p><a href=\"https:\/\/presur.cl\/wp-content\/uploads\/2025\/12\/ASIENTO-CHILLAN-Z.pdf\">ESPECIFICACI\u00d3N T\u00c9CNICAASIENTO CHILLAN Z<\/a><\/p>\n","protected":false},"excerpt":{"rendered":"<p>MATERIAL: Hormig\u00f3n gran\u00edtico ESTRUCTURA: Monolito armado TERMINACI\u00d3N: Gran\u00edtico pulido\/liso INSTALACI\u00d3N: Anclado con Esp\u00e1rrago PESO: 168 kg. DIMENSIONES: 50 x 55 x 77h ESPECIFICACI\u00d3N T\u00c9CNICAASIENTO CHILLAN Z<\/p>\n","protected":false},"featured_media":3396,"template":"","meta":{"jetpack_publicize_message":"","jetpack_is_tweetstorm":false,"jetpack_publicize_feature_enabled":true,"jetpack_social_post_already_shared":true,"jetpack_social_options":{"image_generator_settings":{"template":"highway","enabled":false}}},"product_cat":[23],"product_tag":[],"jetpack_publicize_connections":[],"jetpack_sharing_enabled":true,"_links":{"self":[{"href":"https:\/\/presur.cl\/index.php?rest_route=\/wp\/v2\/product\/3394"}],"collection":[{"href":"https:\/\/presur.cl\/index.php?rest_route=\/wp\/v2\/product"}],"about":[{"href":"https:\/\/presur.cl\/index.php?rest_route=\/wp\/v2\/types\/product"}],"version-history":[{"count":1,"href":"https:\/\/presur.cl\/index.php?rest_route=\/wp\/v2\/product\/3394\/revisions"}],"predecessor-version":[{"id":3397,"href":"https:\/\/presur.cl\/index.php?rest_route=\/wp\/v2\/product\/3394\/revisions\/3397"}],"wp:featuredmedia":[{"embeddable":true,"href":"https:\/\/presur.cl\/index.php?rest_route=\/wp\/v2\/media\/3396"}],"wp:attachment":[{"href":"https:\/\/presur.cl\/index.php?rest_route=%2Fwp%2Fv2%2Fmedia&parent=3394"}],"wp:term":[{"taxonomy":"product_cat","embeddable":true,"href":"https:\/\/presur.cl\/index.php?rest_route=%2Fwp%2Fv2%2Fproduct_cat&post=3394"},{"taxonomy":"product_tag","embeddable":true,"href":"https:\/\/presur.cl\/index.php?rest_route=%2Fwp%2Fv2%2Fproduct_tag&post=3394"}],"curies":[{"name":"wp","href":"https:\/\/api.w.org\/{rel}","templated":true}]}}