{"id":342,"date":"2022-11-14T21:51:26","date_gmt":"2022-11-14T21:51:26","guid":{"rendered":"https:\/\/presur.cl\/?post_type=product&#038;p=342"},"modified":"2025-04-08T21:21:22","modified_gmt":"2025-04-08T21:21:22","slug":"banca-ranco-con-madera","status":"publish","type":"product","link":"https:\/\/presur.cl\/?product=banca-ranco-con-madera","title":{"rendered":"BANCA RANCO CON MADERA SIN RESPALDO"},"content":{"rendered":"<p><strong>MATERIAL:<\/strong> Hormig\u00f3n gran\u00edtico y madera nativa o biopolim\u00e9rica<\/p>\n<p><strong>ESTRUCTURA:<\/strong> Monol\u00edto armado<\/p>\n<p><strong>TERMINACI\u00d3N<\/strong>: Gran\u00edtico pulido<\/p>\n<p><strong>INSTALACI\u00d3N:<\/strong> Anclado con esp\u00e1rragos<\/p>\n<p><strong>PESO:<\/strong> 165 kg.<\/p>\n<p><strong>DIMENSIONES<\/strong>: 180 x 55 x 45 h apr\u00f3x<\/p>\n<p><a href=\"https:\/\/presur.cl\/wp-content\/uploads\/2022\/11\/BANCA-RANCO-CON-MADERA-SIN-RESPALDO.pdf\">ESPECIFICACI\u00d3N T\u00c9CNICA_BANCA RANCO CON MADERA SIN RESPALDO<\/a><\/p>\n","protected":false},"excerpt":{"rendered":"<p>Banca Ranco<\/p>\n","protected":false},"featured_media":343,"template":"","meta":{"jetpack_publicize_message":"","jetpack_is_tweetstorm":false,"jetpack_publicize_feature_enabled":true,"jetpack_social_post_already_shared":false,"jetpack_social_options":{"image_generator_settings":{"template":"highway","enabled":false}}},"product_cat":[23],"product_tag":[],"jetpack_publicize_connections":[],"jetpack_sharing_enabled":true,"_links":{"self":[{"href":"https:\/\/presur.cl\/index.php?rest_route=\/wp\/v2\/product\/342"}],"collection":[{"href":"https:\/\/presur.cl\/index.php?rest_route=\/wp\/v2\/product"}],"about":[{"href":"https:\/\/presur.cl\/index.php?rest_route=\/wp\/v2\/types\/product"}],"version-history":[{"count":3,"href":"https:\/\/presur.cl\/index.php?rest_route=\/wp\/v2\/product\/342\/revisions"}],"predecessor-version":[{"id":2541,"href":"https:\/\/presur.cl\/index.php?rest_route=\/wp\/v2\/product\/342\/revisions\/2541"}],"wp:featuredmedia":[{"embeddable":true,"href":"https:\/\/presur.cl\/index.php?rest_route=\/wp\/v2\/media\/343"}],"wp:attachment":[{"href":"https:\/\/presur.cl\/index.php?rest_route=%2Fwp%2Fv2%2Fmedia&parent=342"}],"wp:term":[{"taxonomy":"product_cat","embeddable":true,"href":"https:\/\/presur.cl\/index.php?rest_route=%2Fwp%2Fv2%2Fproduct_cat&post=342"},{"taxonomy":"product_tag","embeddable":true,"href":"https:\/\/presur.cl\/index.php?rest_route=%2Fwp%2Fv2%2Fproduct_tag&post=342"}],"curies":[{"name":"wp","href":"https:\/\/api.w.org\/{rel}","templated":true}]}}