{"id":363,"date":"2022-11-17T19:48:33","date_gmt":"2022-11-17T19:48:33","guid":{"rendered":"https:\/\/presur.cl\/?post_type=product&#038;p=363"},"modified":"2025-06-05T16:13:15","modified_gmt":"2025-06-05T16:13:15","slug":"banca-caburgua-con-madera","status":"publish","type":"product","link":"https:\/\/presur.cl\/?product=banca-caburgua-con-madera","title":{"rendered":"BANCA CABURGUA RESPALDO  CON MADERA"},"content":{"rendered":"<p><strong>MATERIAL:<\/strong> Hormig\u00f3n gran\u00edtico y madera nativa o biopolim\u00e9rica<br \/>\n<strong>ESTRUCTURA:<\/strong> Monol\u00edto armado<br \/>\n<strong>TERMINACI\u00d3N<\/strong>: Gran\u00edtico pulido<br \/>\n<strong>INSTALACI\u00d3N:<\/strong> Anclado con esp\u00e1rragos<br \/>\n<strong>PESO:<\/strong> 350 kg.<br \/>\n<strong>DIMENSIONES<\/strong>: 230 x 55 x 80 H Apr\u00f3x.<\/p>\n<p><a href=\"https:\/\/presur.cl\/wp-content\/uploads\/2022\/11\/BANCA-CABURGUA-CON-MADERA-RESPALDO.pdf\">ESPECIFICACION T\u00c9CNICA_BANCA CABURGUA CON MADERA RESPALDO<\/a><\/p>\n","protected":false},"excerpt":{"rendered":"<p>MATERIAL: Hormig\u00f3n gran\u00edtico y madera nativa o biopolim\u00e9rica ESTRUCTURA: Monol\u00edto armado TERMINACI\u00d3N: Gran\u00edtico pulido INSTALACI\u00d3N: Anclado con esp\u00e1rragos PESO: 350 kg. DIMENSIONES: 230 x 55 x 80 H Apr\u00f3x. ESPECIFICACION T\u00c9CNICA_BANCA CABURGUA CON MADERA RESPALDO<\/p>\n","protected":false},"featured_media":365,"template":"","meta":{"jetpack_publicize_message":"","jetpack_is_tweetstorm":false,"jetpack_publicize_feature_enabled":true,"jetpack_social_post_already_shared":false,"jetpack_social_options":{"image_generator_settings":{"template":"highway","enabled":false}}},"product_cat":[23],"product_tag":[],"jetpack_publicize_connections":[],"jetpack_sharing_enabled":true,"_links":{"self":[{"href":"https:\/\/presur.cl\/index.php?rest_route=\/wp\/v2\/product\/363"}],"collection":[{"href":"https:\/\/presur.cl\/index.php?rest_route=\/wp\/v2\/product"}],"about":[{"href":"https:\/\/presur.cl\/index.php?rest_route=\/wp\/v2\/types\/product"}],"version-history":[{"count":5,"href":"https:\/\/presur.cl\/index.php?rest_route=\/wp\/v2\/product\/363\/revisions"}],"predecessor-version":[{"id":2651,"href":"https:\/\/presur.cl\/index.php?rest_route=\/wp\/v2\/product\/363\/revisions\/2651"}],"wp:featuredmedia":[{"embeddable":true,"href":"https:\/\/presur.cl\/index.php?rest_route=\/wp\/v2\/media\/365"}],"wp:attachment":[{"href":"https:\/\/presur.cl\/index.php?rest_route=%2Fwp%2Fv2%2Fmedia&parent=363"}],"wp:term":[{"taxonomy":"product_cat","embeddable":true,"href":"https:\/\/presur.cl\/index.php?rest_route=%2Fwp%2Fv2%2Fproduct_cat&post=363"},{"taxonomy":"product_tag","embeddable":true,"href":"https:\/\/presur.cl\/index.php?rest_route=%2Fwp%2Fv2%2Fproduct_tag&post=363"}],"curies":[{"name":"wp","href":"https:\/\/api.w.org\/{rel}","templated":true}]}}