{"id":366,"date":"2022-11-17T19:52:56","date_gmt":"2022-11-17T19:52:56","guid":{"rendered":"https:\/\/presur.cl\/?post_type=product&#038;p=366"},"modified":"2025-06-05T16:12:35","modified_gmt":"2025-06-05T16:12:35","slug":"366","status":"publish","type":"product","link":"https:\/\/presur.cl\/?product=366","title":{"rendered":"BANCA CABURGUA ESPECIAL CON RESPALDO"},"content":{"rendered":"<p><strong>MATERIAL:<\/strong> Hormig\u00f3n gran\u00edtico y madera nativa o biopolim\u00e9rica<br \/>\n<strong>ESTRUCTURA:<\/strong> Monol\u00edto armado<br \/>\n<strong>TERMINACI\u00d3N<\/strong>: Gran\u00edtico pulido<br \/>\n<strong>INSTALACI\u00d3N:<\/strong> Anclado con esp\u00e1rragos<br \/>\n<strong>PESO:<\/strong> 180 kg<br \/>\n<strong>DIMENSIONES<\/strong>: 210 x 55x 80 H APR\u00d3X<\/p>\n<p><em><strong><a href=\"https:\/\/presur.cl\/wp-content\/uploads\/2022\/11\/BANCA-CABURGUA-ESPECIAL-CON-MADERA-RESPALDO-1.pdf\">ESPECIFICACI\u00d3N T\u00c9CNICA BANCA CABURGUA ESPECIAL CON MADERA RESPALDO<\/a><\/strong><\/em><\/p>\n","protected":false},"excerpt":{"rendered":"<p>MATERIAL: Hormig\u00f3n gran\u00edtico y madera nativa o biopolim\u00e9rica ESTRUCTURA: Monol\u00edto armado TERMINACI\u00d3N: Gran\u00edtico pulido INSTALACI\u00d3N: Anclado con esp\u00e1rragos PESO: 180 kg DIMENSIONES: 210 x 55x 80 H APR\u00d3X ESPECIFICACI\u00d3N T\u00c9CNICA BANCA CABURGUA ESPECIAL CON MADERA RESPALDO<\/p>\n","protected":false},"featured_media":369,"template":"","meta":{"jetpack_publicize_message":"","jetpack_is_tweetstorm":false,"jetpack_publicize_feature_enabled":true,"jetpack_social_post_already_shared":false,"jetpack_social_options":{"image_generator_settings":{"template":"highway","enabled":false}}},"product_cat":[23],"product_tag":[],"jetpack_publicize_connections":[],"jetpack_sharing_enabled":true,"_links":{"self":[{"href":"https:\/\/presur.cl\/index.php?rest_route=\/wp\/v2\/product\/366"}],"collection":[{"href":"https:\/\/presur.cl\/index.php?rest_route=\/wp\/v2\/product"}],"about":[{"href":"https:\/\/presur.cl\/index.php?rest_route=\/wp\/v2\/types\/product"}],"version-history":[{"count":5,"href":"https:\/\/presur.cl\/index.php?rest_route=\/wp\/v2\/product\/366\/revisions"}],"predecessor-version":[{"id":3023,"href":"https:\/\/presur.cl\/index.php?rest_route=\/wp\/v2\/product\/366\/revisions\/3023"}],"wp:featuredmedia":[{"embeddable":true,"href":"https:\/\/presur.cl\/index.php?rest_route=\/wp\/v2\/media\/369"}],"wp:attachment":[{"href":"https:\/\/presur.cl\/index.php?rest_route=%2Fwp%2Fv2%2Fmedia&parent=366"}],"wp:term":[{"taxonomy":"product_cat","embeddable":true,"href":"https:\/\/presur.cl\/index.php?rest_route=%2Fwp%2Fv2%2Fproduct_cat&post=366"},{"taxonomy":"product_tag","embeddable":true,"href":"https:\/\/presur.cl\/index.php?rest_route=%2Fwp%2Fv2%2Fproduct_tag&post=366"}],"curies":[{"name":"wp","href":"https:\/\/api.w.org\/{rel}","templated":true}]}}