{"id":381,"date":"2022-11-17T20:17:46","date_gmt":"2022-11-17T20:17:46","guid":{"rendered":"https:\/\/presur.cl\/?post_type=product&#038;p=381"},"modified":"2025-01-23T17:23:03","modified_gmt":"2025-01-23T17:23:03","slug":"381","status":"publish","type":"product","link":"https:\/\/presur.cl\/?product=381","title":{"rendered":"BANCA CHILL\u00c1N"},"content":{"rendered":"<p><strong>MATERIAL:<\/strong> Hormig\u00f3n gran\u00edtico<br \/>\n<strong>ESTRUCTURA:<\/strong> Monol\u00edto armado<br \/>\n<strong>TERMINACI\u00d3N<\/strong>: Gran\u00edtico pulido<br \/>\n<strong>INSTALACI\u00d3N:<\/strong> Anclado con esp\u00e1rragos<br \/>\n<strong>PESO:<\/strong> 500 kg.<br \/>\n<strong>DIMENSIONES<\/strong>: 100 x 63 x 100h apr\u00f3x<\/p>\n<p><em><strong><a href=\"https:\/\/presur.cl\/wp-content\/uploads\/2022\/11\/BANCA-CHILLAN-1.pdf\">ESPECIFICACI\u00d3N T\u00c9CNICA BANCA CHILLAN<\/a><\/strong><\/em><\/p>\n","protected":false},"excerpt":{"rendered":"<p>MATERIAL: Hormig\u00f3n gran\u00edtico ESTRUCTURA: Monol\u00edto armado TERMINACI\u00d3N: Gran\u00edtico pulido INSTALACI\u00d3N: Anclado con esp\u00e1rragos PESO: 500 kg. DIMENSIONES: 100 x 63 x 100h apr\u00f3x ESPECIFICACI\u00d3N T\u00c9CNICA BANCA CHILLAN<\/p>\n","protected":false},"featured_media":383,"template":"","meta":{"jetpack_publicize_message":"","jetpack_is_tweetstorm":false,"jetpack_publicize_feature_enabled":true,"jetpack_social_post_already_shared":false,"jetpack_social_options":{"image_generator_settings":{"template":"highway","enabled":false}}},"product_cat":[23],"product_tag":[],"jetpack_publicize_connections":[],"jetpack_sharing_enabled":true,"_links":{"self":[{"href":"https:\/\/presur.cl\/index.php?rest_route=\/wp\/v2\/product\/381"}],"collection":[{"href":"https:\/\/presur.cl\/index.php?rest_route=\/wp\/v2\/product"}],"about":[{"href":"https:\/\/presur.cl\/index.php?rest_route=\/wp\/v2\/types\/product"}],"version-history":[{"count":6,"href":"https:\/\/presur.cl\/index.php?rest_route=\/wp\/v2\/product\/381\/revisions"}],"predecessor-version":[{"id":2916,"href":"https:\/\/presur.cl\/index.php?rest_route=\/wp\/v2\/product\/381\/revisions\/2916"}],"wp:featuredmedia":[{"embeddable":true,"href":"https:\/\/presur.cl\/index.php?rest_route=\/wp\/v2\/media\/383"}],"wp:attachment":[{"href":"https:\/\/presur.cl\/index.php?rest_route=%2Fwp%2Fv2%2Fmedia&parent=381"}],"wp:term":[{"taxonomy":"product_cat","embeddable":true,"href":"https:\/\/presur.cl\/index.php?rest_route=%2Fwp%2Fv2%2Fproduct_cat&post=381"},{"taxonomy":"product_tag","embeddable":true,"href":"https:\/\/presur.cl\/index.php?rest_route=%2Fwp%2Fv2%2Fproduct_tag&post=381"}],"curies":[{"name":"wp","href":"https:\/\/api.w.org\/{rel}","templated":true}]}}