{"id":387,"date":"2022-11-17T20:25:52","date_gmt":"2022-11-17T20:25:52","guid":{"rendered":"https:\/\/presur.cl\/?post_type=product&#038;p=387"},"modified":"2025-09-04T16:53:39","modified_gmt":"2025-09-04T16:53:39","slug":"banca-conguillio-curva-r-1-6-exterior","status":"publish","type":"product","link":"https:\/\/presur.cl\/?product=banca-conguillio-curva-r-1-6-exterior","title":{"rendered":"BANCA CONGUILLIO CURVA EXTERIOR"},"content":{"rendered":"<p><strong>MATERIAL:<\/strong> Hormig\u00f3n gran\u00edtico<br \/>\n<strong>ESTRUCTURA:<\/strong> Monol\u00edto armado<br \/>\n<strong>TERMINACI\u00d3N<\/strong>: Gran\u00edtico pulido<br \/>\n<strong>INSTALACI\u00d3N:<\/strong> Anclado con esp\u00e1rragos<\/p>\n<p>&nbsp;<\/p>\n<p><em><strong><a href=\"https:\/\/presur.cl\/wp-content\/uploads\/2022\/11\/BANCA-CONGUILLIO-CURVA-R-1.6-EXTERIOR-3.pdf\">ESPECIFICACI\u00d3N T\u00c9CNICA BANCA CONGUILLIO CURVA R 1.6 EXTERIOR.<\/a><\/strong><\/em><\/p>\n<p><strong>DIMENSIONES :<\/strong> 160x56x45h, <strong>PESO:<\/strong>\u00a0350 kg.<\/p>\n<p>&nbsp;<\/p>\n<p><em><strong><a href=\"https:\/\/presur.cl\/wp-content\/uploads\/2022\/11\/BANCA-CONGUILLIO-CURVA-R-2.4-EXTERIOR-3.pdf\">ESPECIFICACI\u00d3N T\u00c9CNICA BANCA CONGUILLIO CURVA R 2.4 EXTERIOR<\/a><\/strong><\/em><\/p>\n<p><strong>DIMENSIONES:<\/strong> 122 x 52 x 45h\/<strong>\u00a0PESO:<\/strong> 300 kg.<\/p>\n<p>&nbsp;<\/p>\n<p><em><a href=\"https:\/\/presur.cl\/wp-content\/uploads\/2022\/11\/BANCA-CONGUILLIO-CURVA-R-3.0-EXTERIOR-3.pdf\"><strong>ESPECIFICACI\u00d3N T\u00c9CNICA BANCA CONGUILLIO CURVA R 3.0 EXTERIOR.<\/strong><\/a><\/em><\/p>\n<p><strong>DIMENSIONES<\/strong> : 151x53x46 \/ <strong>PESO:<\/strong> 350 kg.<\/p>\n<p>&nbsp;<\/p>\n<p><strong><em><a href=\"https:\/\/presur.cl\/wp-content\/uploads\/2022\/11\/BANCA-CONGUILLIO-CURVA-R-6.8-EXTERIOR-3.pdf\">ESPECIFICACI\u00d3N T\u00c9CNICA BANCA CONGUILLIO CURVA R 6.8 EXTERIOR<\/a><\/em><\/strong><\/p>\n<p><strong>DIMENSIONES<\/strong> <strong>:<\/strong> 109 x 52 x 45h\/ <strong>PESO:<\/strong> 290 kg.<\/p>\n<p>&nbsp;<\/p>\n<p><strong><em><a href=\"https:\/\/presur.cl\/wp-content\/uploads\/2022\/11\/BANCA-CONGUILLIO-CURVA-R-10.5-EXTERIOR-3.pdf\">ESPECIFICACI\u00d3N T\u00c9CNICA BANCA CONGUILLIO CURVA R 10.5 EXTERIOR<\/a><\/em><\/strong><\/p>\n<p><strong>DIMENSIONES<\/strong> <strong>:<\/strong> 107 x 52 x 45h \/ <strong>PESO:<\/strong> 290 kg.<\/p>\n","protected":false},"excerpt":{"rendered":"<p>MATERIAL: Hormig\u00f3n gran\u00edtico ESTRUCTURA: Monol\u00edto armado TERMINACI\u00d3N: Gran\u00edtico pulido INSTALACI\u00d3N: Anclado con esp\u00e1rragos &nbsp; ESPECIFICACI\u00d3N T\u00c9CNICA BANCA CONGUILLIO CURVA R 1.6 EXTERIOR. DIMENSIONES : 160x56x45h, PESO:\u00a0350 kg. &nbsp; ESPECIFICACI\u00d3N T\u00c9CNICA BANCA CONGUILLIO CURVA R 2.4 EXTERIOR DIMENSIONES: 122 x 52 x 45h\/\u00a0PESO: 300 kg. &nbsp; ESPECIFICACI\u00d3N T\u00c9CNICA BANCA CONGUILLIO CURVA R 3.0 EXTERIOR. DIMENSIONES : [&hellip;]<\/p>\n","protected":false},"featured_media":389,"template":"","meta":{"jetpack_publicize_message":"","jetpack_is_tweetstorm":false,"jetpack_publicize_feature_enabled":true,"jetpack_social_post_already_shared":false,"jetpack_social_options":{"image_generator_settings":{"template":"highway","enabled":false}}},"product_cat":[23],"product_tag":[],"jetpack_publicize_connections":[],"jetpack_sharing_enabled":true,"_links":{"self":[{"href":"https:\/\/presur.cl\/index.php?rest_route=\/wp\/v2\/product\/387"}],"collection":[{"href":"https:\/\/presur.cl\/index.php?rest_route=\/wp\/v2\/product"}],"about":[{"href":"https:\/\/presur.cl\/index.php?rest_route=\/wp\/v2\/types\/product"}],"version-history":[{"count":8,"href":"https:\/\/presur.cl\/index.php?rest_route=\/wp\/v2\/product\/387\/revisions"}],"predecessor-version":[{"id":3070,"href":"https:\/\/presur.cl\/index.php?rest_route=\/wp\/v2\/product\/387\/revisions\/3070"}],"wp:featuredmedia":[{"embeddable":true,"href":"https:\/\/presur.cl\/index.php?rest_route=\/wp\/v2\/media\/389"}],"wp:attachment":[{"href":"https:\/\/presur.cl\/index.php?rest_route=%2Fwp%2Fv2%2Fmedia&parent=387"}],"wp:term":[{"taxonomy":"product_cat","embeddable":true,"href":"https:\/\/presur.cl\/index.php?rest_route=%2Fwp%2Fv2%2Fproduct_cat&post=387"},{"taxonomy":"product_tag","embeddable":true,"href":"https:\/\/presur.cl\/index.php?rest_route=%2Fwp%2Fv2%2Fproduct_tag&post=387"}],"curies":[{"name":"wp","href":"https:\/\/api.w.org\/{rel}","templated":true}]}}