{"id":418,"date":"2022-11-17T23:30:45","date_gmt":"2022-11-17T23:30:45","guid":{"rendered":"https:\/\/presur.cl\/?post_type=product&#038;p=418"},"modified":"2025-01-23T17:25:01","modified_gmt":"2025-01-23T17:25:01","slug":"banca-cubo-loncoche-l1","status":"publish","type":"product","link":"https:\/\/presur.cl\/?product=banca-cubo-loncoche-l1","title":{"rendered":"BANCA CUBO LONCOCHE L1"},"content":{"rendered":"<p><strong>MATERIAL:<\/strong> Hormig\u00f3n gran\u00edtico<br \/>\n<strong>ESTRUCTURA:<\/strong> Monol\u00edto armado<br \/>\n<strong>TERMINACI\u00d3N<\/strong>: Gran\u00edtico pulido<br \/>\n<strong>INSTALACI\u00d3N:<\/strong> Anclado con esp\u00e1rragos<br \/>\n<strong>PESO:<\/strong> 175 kg.<br \/>\n<strong>DIMENSIONES<\/strong>: 40 x 40 x 45h apr\u00f3x<\/p>\n<p><strong><em><a href=\"https:\/\/presur.cl\/wp-content\/uploads\/2022\/11\/BANCA-CUBO-LONCOCHE-L1-1.pdf\">ESPECIFICACI\u00d3N T\u00c9CNICA BANCA CUBO LONCOCHE L1<\/a><\/em><\/strong><\/p>\n","protected":false},"excerpt":{"rendered":"<p>MATERIAL: Hormig\u00f3n gran\u00edtico ESTRUCTURA: Monol\u00edto armado TERMINACI\u00d3N: Gran\u00edtico pulido INSTALACI\u00d3N: Anclado con esp\u00e1rragos PESO: 175 kg. DIMENSIONES: 40 x 40 x 45h apr\u00f3x ESPECIFICACI\u00d3N T\u00c9CNICA BANCA CUBO LONCOCHE L1<\/p>\n","protected":false},"featured_media":420,"template":"","meta":{"jetpack_publicize_message":"","jetpack_is_tweetstorm":false,"jetpack_publicize_feature_enabled":true,"jetpack_social_post_already_shared":false,"jetpack_social_options":{"image_generator_settings":{"template":"highway","enabled":false}}},"product_cat":[36,23],"product_tag":[],"jetpack_publicize_connections":[],"jetpack_sharing_enabled":true,"_links":{"self":[{"href":"https:\/\/presur.cl\/index.php?rest_route=\/wp\/v2\/product\/418"}],"collection":[{"href":"https:\/\/presur.cl\/index.php?rest_route=\/wp\/v2\/product"}],"about":[{"href":"https:\/\/presur.cl\/index.php?rest_route=\/wp\/v2\/types\/product"}],"version-history":[{"count":4,"href":"https:\/\/presur.cl\/index.php?rest_route=\/wp\/v2\/product\/418\/revisions"}],"predecessor-version":[{"id":2919,"href":"https:\/\/presur.cl\/index.php?rest_route=\/wp\/v2\/product\/418\/revisions\/2919"}],"wp:featuredmedia":[{"embeddable":true,"href":"https:\/\/presur.cl\/index.php?rest_route=\/wp\/v2\/media\/420"}],"wp:attachment":[{"href":"https:\/\/presur.cl\/index.php?rest_route=%2Fwp%2Fv2%2Fmedia&parent=418"}],"wp:term":[{"taxonomy":"product_cat","embeddable":true,"href":"https:\/\/presur.cl\/index.php?rest_route=%2Fwp%2Fv2%2Fproduct_cat&post=418"},{"taxonomy":"product_tag","embeddable":true,"href":"https:\/\/presur.cl\/index.php?rest_route=%2Fwp%2Fv2%2Fproduct_tag&post=418"}],"curies":[{"name":"wp","href":"https:\/\/api.w.org\/{rel}","templated":true}]}}