{"id":427,"date":"2022-11-17T23:40:18","date_gmt":"2022-11-17T23:40:18","guid":{"rendered":"https:\/\/presur.cl\/?post_type=product&#038;p=427"},"modified":"2025-01-23T17:25:37","modified_gmt":"2025-01-23T17:25:37","slug":"banca-de-ajedrez","status":"publish","type":"product","link":"https:\/\/presur.cl\/?product=banca-de-ajedrez","title":{"rendered":"BANCA DE AJEDREZ"},"content":{"rendered":"<p><strong>MATERIAL:<\/strong> Hormig\u00f3n gran\u00edtico<br \/>\n<strong>ESTRUCTURA:<\/strong> Monol\u00edto armado<br \/>\n<strong>TERMINACI\u00d3N<\/strong>: Gran\u00edtico pulido<br \/>\n<strong>INSTALACI\u00d3N:<\/strong> Anclado con esp\u00e1rragos<br \/>\n<strong>PESO:<\/strong> 165 kg.<br \/>\n<strong>DIMENSIONES<\/strong>: 112 x 46 x 45h Apr\u00f3x.<\/p>\n<p><strong><em><a href=\"https:\/\/presur.cl\/wp-content\/uploads\/2022\/11\/BANCA-DE-AJEDREZ-1.pdf\">ESPECIFICACI\u00d3N T\u00c9CNICA BANCA DE AJEDREZ<\/a><\/em><\/strong><\/p>\n","protected":false},"excerpt":{"rendered":"<p>MATERIAL: Hormig\u00f3n gran\u00edtico ESTRUCTURA: Monol\u00edto armado TERMINACI\u00d3N: Gran\u00edtico pulido INSTALACI\u00d3N: Anclado con esp\u00e1rragos PESO: 165 kg. DIMENSIONES: 112 x 46 x 45h Apr\u00f3x. ESPECIFICACI\u00d3N T\u00c9CNICA BANCA DE AJEDREZ<\/p>\n","protected":false},"featured_media":429,"template":"","meta":{"jetpack_publicize_message":"","jetpack_is_tweetstorm":false,"jetpack_publicize_feature_enabled":true,"jetpack_social_post_already_shared":false,"jetpack_social_options":{"image_generator_settings":{"template":"highway","enabled":false}}},"product_cat":[23],"product_tag":[],"jetpack_publicize_connections":[],"jetpack_sharing_enabled":true,"_links":{"self":[{"href":"https:\/\/presur.cl\/index.php?rest_route=\/wp\/v2\/product\/427"}],"collection":[{"href":"https:\/\/presur.cl\/index.php?rest_route=\/wp\/v2\/product"}],"about":[{"href":"https:\/\/presur.cl\/index.php?rest_route=\/wp\/v2\/types\/product"}],"version-history":[{"count":5,"href":"https:\/\/presur.cl\/index.php?rest_route=\/wp\/v2\/product\/427\/revisions"}],"predecessor-version":[{"id":2920,"href":"https:\/\/presur.cl\/index.php?rest_route=\/wp\/v2\/product\/427\/revisions\/2920"}],"wp:featuredmedia":[{"embeddable":true,"href":"https:\/\/presur.cl\/index.php?rest_route=\/wp\/v2\/media\/429"}],"wp:attachment":[{"href":"https:\/\/presur.cl\/index.php?rest_route=%2Fwp%2Fv2%2Fmedia&parent=427"}],"wp:term":[{"taxonomy":"product_cat","embeddable":true,"href":"https:\/\/presur.cl\/index.php?rest_route=%2Fwp%2Fv2%2Fproduct_cat&post=427"},{"taxonomy":"product_tag","embeddable":true,"href":"https:\/\/presur.cl\/index.php?rest_route=%2Fwp%2Fv2%2Fproduct_tag&post=427"}],"curies":[{"name":"wp","href":"https:\/\/api.w.org\/{rel}","templated":true}]}}